
{"id":1308,"date":"2025-01-07T07:52:00","date_gmt":"2025-01-07T07:52:00","guid":{"rendered":"https:\/\/abc-bac-ninh.trueads.ai\/san-pham\/san-pham-dem\/"},"modified":"2025-11-26T04:38:53","modified_gmt":"2025-11-26T04:38:53","slug":"mattress","status":"publish","type":"product","link":"https:\/\/abcbacninh.vn\/en\/product\/mattress\/","title":{"rendered":"Mattress"},"content":{"rendered":"<p><span style=\"font-weight: 400;\">T\u1ea1i Vi\u1ec7t Nam, ch\u1ea5t li\u1ec7u v\u1ea3i ch\u1ee7 y\u1ebfu \u0111\u01b0\u1ee3c s\u1eed d\u1ee5ng trong ng\u00e0nh ch\u0103n ga g\u1ed1i \u0111\u1ec7m l\u00e0 Cotton 100%. C\u00e1c nh\u00e0 s\u1ea3n xu\u1ea5t lu\u00f4n\u00a0<\/span><\/p>\n<p><span style=\"font-weight: 400;\">bi\u1ebft c\u00e1ch t\u1eadn d\u1ee5ng nh\u1eefng t\u00ednh n\u0103ng \u01b0u vi\u1ec7t nh\u1ea5t c\u1ee7a s\u1ee3i b\u00f4ng Cotton nh\u1eb1m h\u01b0\u1edbng t\u1edbi m\u1ed9t s\u1ea3n ph\u1ea9m ph\u00f9 h\u1ee3p v\u1edbi m\u1ecdi\u00a0<\/span><\/p>\n<p><span style=\"font-weight: 400;\">\u0111\u1ed1i t\u01b0\u1ee3ng ti\u00eau d\u00f9ng. \u0110\u1eb7c bi\u1ec7t, ABC B\u1eafc Ninh \u0111\u00e3 \u0111\u01b0\u1ee3c C\u00f4ng ty LINE TEXTILE &#8211; H\u00e0n Qu\u1ed1c cam k\u1ebft cung c\u1ea5p nh\u1eefng lo\u1ea1i v\u1ea3i\u00a0<\/span><\/p>\n<p><span style=\"font-weight: 400;\">s\u1eed d\u1ee5ng ngu\u1ed3n b\u00f4ng s\u1ea1ch, cao c\u1ea5p nh\u1ea5t hi\u1ec7n nay tr\u00ean th\u1ebf gi\u1edbi, \u0111\u01b0\u1ee3c ch\u1ee9ng nh\u1eadn b\u1edfi c\u00e1c t\u1ed5 ch\u1ee9c Qu\u1ed1c t\u1ebf. Ch\u00ednh v\u00ec v\u1eady\u00a0<\/span><\/p>\n<p><span style=\"font-weight: 400;\">kh\u00e1ch h\u00e0ng c\u00f3 th\u1ec3 tin t\u01b0\u1edfng ho\u00e0n to\u00e0n khi s\u1eed d\u1ee5ng c\u00e1c s\u1ea3n ph\u1ea9m ch\u0103n ga g\u1ed1i \u0111\u1ec7m JAVINA.\u00a0<\/span><\/p>\n<p><span style=\"font-weight: 400;\">&#8211; M\u1eadt \u0111\u1ed9 s\u1ee3i v\u1ea3i cao ch\u1ed1ng tho\u00e1t b\u00f4ng, ng\u0103n ng\u1eeba c\u00f4n tr\u00f9ng x\u00e2m nh\u1eadp.<\/span><\/p>\n<p><span style=\"font-weight: 400;\">&#8211; S\u1ee3i b\u00f4ng si\u00eau m\u1ecbn d\u01b0\u1edbi 1micron, \u0111\u1ed9 b\u1ec1n r\u1ea5t cao c\u00f3 th\u1ec3 s\u1eed d\u1ee5ng l\u00e2u d\u00e0i.<\/span><\/p>\n<p><span style=\"font-weight: 400;\">&#8211; K\u1ef9 thu\u1eadt t\u00edch kh\u00ed trong g\u1ed1i s\u1ebd lu\u00f4n c\u00f3 c\u1ea3m gi\u00e1c m\u00e1t m\u1ebb, d\u1ec5 ch\u1ecbu v\u00e0 kh\u00f4ng g\u00e2y n\u00f3ng.<\/span><\/p>\n<p><span style=\"font-weight: 400;\">&#8211; C\u00f3 \u0111\u1ed9 b\u1ec1n cao, kh\u00f4ng c\u00f3 m\u00f9i, kh\u00f4ng ch\u1ea5t g\u00e2y k\u00edch \u1ee9ng.<\/span><\/p>\n<p><span style=\"font-weight: 400;\">&#8211; Th\u00e2n thi\u1ec7n m\u00f4i tr\u01b0\u1eddng, an to\u00e0n v\u00e0 t\u1ed1t cho s\u1ee9c kh\u1ecfe.<\/span><\/p>\n<p><span style=\"font-weight: 400;\">&#8211; C\u00f3 th\u1ec3 gi\u1eb7t v\u00e0 b\u1ea3o qu\u1ea3n s\u1ea1ch s\u1ebd<\/span><\/p>\n","protected":false},"excerpt":{"rendered":"<p><span style=\"font-weight: 400;\">&#8211; M\u1eadt \u0111\u1ed9 s\u1ee3i v\u1ea3i cao ch\u1ed1ng tho\u00e1t b\u00f4ng, ng\u0103n ng\u1eeba c\u00f4n tr\u00f9ng x\u00e2m nh\u1eadp.<\/span><\/p>\n<p><span style=\"font-weight: 400;\">&#8211; S\u1ee3i b\u00f4ng si\u00eau m\u1ecbn d\u01b0\u1edbi 1micron, \u0111\u1ed9 b\u1ec1n r\u1ea5t cao c\u00f3 th\u1ec3 s\u1eed d\u1ee5ng l\u00e2u d\u00e0i.<\/span><\/p>\n<p><span style=\"font-weight: 400;\">&#8211; K\u1ef9 thu\u1eadt t\u00edch kh\u00ed trong g\u1ed1i s\u1ebd lu\u00f4n c\u00f3 c\u1ea3m gi\u00e1c m\u00e1t m\u1ebb, d\u1ec5 ch\u1ecbu v\u00e0 kh\u00f4ng g\u00e2y n\u00f3ng.<\/span><\/p>\n<p><span style=\"font-weight: 400;\">&#8211; C\u00f3 \u0111\u1ed9 b\u1ec1n cao, kh\u00f4ng c\u00f3 m\u00f9i, kh\u00f4ng ch\u1ea5t g\u00e2y k\u00edch \u1ee9ng.<\/span><\/p>\n<p><span style=\"font-weight: 400;\">&#8211; Th\u00e2n thi\u1ec7n m\u00f4i tr\u01b0\u1eddng, an to\u00e0n v\u00e0 t\u1ed1t cho s\u1ee9c kh\u1ecfe.<\/span><\/p>\n<p><span style=\"font-weight: 400;\">&#8211; C\u00f3 th\u1ec3 gi\u1eb7t v\u00e0 b\u1ea3o qu\u1ea3n s\u1ea1ch s\u1ebd<\/span><\/p>\n","protected":false},"featured_media":1125,"comment_status":"open","ping_status":"closed","template":"","meta":[],"product_brand":[],"product_cat":[48],"product_tag":[],"class_list":{"0":"post-1308","1":"product","2":"type-product","3":"status-publish","4":"has-post-thumbnail","6":"product_cat-matress","8":"first","9":"instock","10":"shipping-taxable","11":"product-type-simple"},"yoast_head":"<!-- This site is optimized with the Yoast SEO plugin v24.2 - https:\/\/yoast.com\/wordpress\/plugins\/seo\/ -->\n<title>S\u1ea3n ph\u1ea9m \u0110\u1ec7m<\/title>\n<meta name=\"robots\" content=\"index, follow, max-snippet:-1, max-image-preview:large, max-video-preview:-1\" \/>\n<link rel=\"canonical\" href=\"https:\/\/abcbacninh.vn\/en\/product\/mattress\/\" \/>\n<meta property=\"og:locale\" content=\"en_US\" \/>\n<meta property=\"og:type\" content=\"article\" \/>\n<meta property=\"og:title\" content=\"B\u00f4ng t\u01a1i - ABC B\u1eaeC NINH\" \/>\n<meta property=\"og:description\" content=\"B\u00ean c\u1ea1nh c\u00e1c s\u1ea3n ph\u1ea9m b\u00f4ng t\u1ea5m mang th\u01b0\u01a1ng hi\u1ec7u ABC THERMO. C\u00f4ng ty c\u1ed5 ph\u1ea7n ABC B\u1eafc ninh cung cung c\u1ea5p c\u00e1c s\u1ea3n ph\u1ea9m B\u00f4ng t\u01a1i( ABC WELLON) B\u00f4ng H\u1ea1t ( BALL FIBER) v\u1edbi nhi\u1ec1u ch\u1ea5t l\u01b0\u1ee3ng kh\u00e1c nhau\" \/>\n<meta property=\"og:url\" content=\"https:\/\/abcbacninh.vn\/en\/product\/mattress\/\" \/>\n<meta property=\"og:site_name\" content=\"ABC B\u1eaeC NINH\" \/>\n<meta property=\"article:modified_time\" content=\"2025-11-26T04:38:53+00:00\" \/>\n<meta name=\"twitter:card\" content=\"summary_large_image\" \/>\n<meta name=\"twitter:label1\" content=\"Est. reading time\" \/>\n\t<meta name=\"twitter:data1\" content=\"2 minutes\" \/>\n<script type=\"application\/ld+json\" class=\"yoast-schema-graph\">{\"@context\":\"https:\/\/schema.org\",\"@graph\":[{\"@type\":\"WebPage\",\"@id\":\"https:\/\/abcbacninh.vn\/en\/product\/mattress\/\",\"url\":\"https:\/\/abcbacninh.vn\/en\/product\/mattress\/\",\"name\":\"S\u1ea3n ph\u1ea9m \u0110\u1ec7m\",\"isPartOf\":{\"@id\":\"https:\/\/abcbacninh.vn\/en\/#website\"},\"primaryImageOfPage\":{\"@id\":\"https:\/\/abcbacninh.vn\/en\/product\/mattress\/#primaryimage\"},\"image\":{\"@id\":\"https:\/\/abcbacninh.vn\/en\/product\/mattress\/#primaryimage\"},\"thumbnailUrl\":\"https:\/\/pub-b2eddeeb92ae444d848d347a6b3a9fc5.r2.dev\/abc-bac-ninh\/file\/1759395620_68de3f24a8e53.jpg\",\"datePublished\":\"2025-01-07T07:52:00+00:00\",\"dateModified\":\"2025-11-26T04:38:53+00:00\",\"breadcrumb\":{\"@id\":\"https:\/\/abcbacninh.vn\/en\/product\/mattress\/#breadcrumb\"},\"inLanguage\":\"en-US\",\"potentialAction\":[{\"@type\":\"ReadAction\",\"target\":[\"https:\/\/abcbacninh.vn\/en\/product\/mattress\/\"]}]},{\"@type\":\"ImageObject\",\"inLanguage\":\"en-US\",\"@id\":\"https:\/\/abcbacninh.vn\/en\/product\/mattress\/#primaryimage\",\"url\":\"https:\/\/pub-b2eddeeb92ae444d848d347a6b3a9fc5.r2.dev\/abc-bac-ninh\/file\/1759395620_68de3f24a8e53.jpg\",\"contentUrl\":\"https:\/\/pub-b2eddeeb92ae444d848d347a6b3a9fc5.r2.dev\/abc-bac-ninh\/file\/1759395620_68de3f24a8e53.jpg\",\"width\":999,\"height\":976},{\"@type\":\"BreadcrumbList\",\"@id\":\"https:\/\/abcbacninh.vn\/en\/product\/mattress\/#breadcrumb\",\"itemListElement\":[{\"@type\":\"ListItem\",\"position\":1,\"name\":\"Trang ch\u1ee7\",\"item\":\"https:\/\/abcbacninh.vn\/en\/\"},{\"@type\":\"ListItem\",\"position\":2,\"name\":\"Shop\",\"item\":\"https:\/\/abcbacninh.vn\/cua-hang\/\"},{\"@type\":\"ListItem\",\"position\":3,\"name\":\"Mattress\"}]},{\"@type\":\"WebSite\",\"@id\":\"https:\/\/abcbacninh.vn\/en\/#website\",\"url\":\"https:\/\/abcbacninh.vn\/en\/\",\"name\":\"ABC B\u1eaeC NINH\",\"description\":\"\",\"publisher\":{\"@id\":\"https:\/\/abcbacninh.vn\/en\/#organization\"},\"potentialAction\":[{\"@type\":\"SearchAction\",\"target\":{\"@type\":\"EntryPoint\",\"urlTemplate\":\"https:\/\/abcbacninh.vn\/en\/?s={search_term_string}\"},\"query-input\":{\"@type\":\"PropertyValueSpecification\",\"valueRequired\":true,\"valueName\":\"search_term_string\"}}],\"inLanguage\":\"en-US\"},{\"@type\":\"Organization\",\"@id\":\"https:\/\/abcbacninh.vn\/en\/#organization\",\"name\":\"ABC B\u1eaeC NINH\",\"url\":\"https:\/\/abcbacninh.vn\/en\/\",\"logo\":{\"@type\":\"ImageObject\",\"inLanguage\":\"en-US\",\"@id\":\"https:\/\/abcbacninh.vn\/en\/#\/schema\/logo\/image\/\",\"url\":\"https:\/\/placehold.co\/64x64\",\"contentUrl\":\"https:\/\/placehold.co\/64x64\",\"width\":512,\"height\":512,\"caption\":\"ABC B\u1eaeC NINH\"},\"image\":{\"@id\":\"https:\/\/abcbacninh.vn\/en\/#\/schema\/logo\/image\/\"}}]}<\/script>\n<!-- \/ Yoast SEO plugin. -->","yoast_head_json":{"title":"S\u1ea3n ph\u1ea9m \u0110\u1ec7m","robots":{"index":"index","follow":"follow","max-snippet":"max-snippet:-1","max-image-preview":"max-image-preview:large","max-video-preview":"max-video-preview:-1"},"canonical":"https:\/\/abcbacninh.vn\/en\/product\/mattress\/","og_locale":"en_US","og_type":"article","og_title":"B\u00f4ng t\u01a1i - ABC B\u1eaeC NINH","og_description":"B\u00ean c\u1ea1nh c\u00e1c s\u1ea3n ph\u1ea9m b\u00f4ng t\u1ea5m mang th\u01b0\u01a1ng hi\u1ec7u ABC THERMO. C\u00f4ng ty c\u1ed5 ph\u1ea7n ABC B\u1eafc ninh cung cung c\u1ea5p c\u00e1c s\u1ea3n ph\u1ea9m B\u00f4ng t\u01a1i( ABC WELLON) B\u00f4ng H\u1ea1t ( BALL FIBER) v\u1edbi nhi\u1ec1u ch\u1ea5t l\u01b0\u1ee3ng kh\u00e1c nhau","og_url":"https:\/\/abcbacninh.vn\/en\/product\/mattress\/","og_site_name":"ABC B\u1eaeC NINH","article_modified_time":"2025-11-26T04:38:53+00:00","twitter_card":"summary_large_image","twitter_misc":{"Est. reading time":"2 minutes"},"schema":{"@context":"https:\/\/schema.org","@graph":[{"@type":"WebPage","@id":"https:\/\/abcbacninh.vn\/en\/product\/mattress\/","url":"https:\/\/abcbacninh.vn\/en\/product\/mattress\/","name":"S\u1ea3n ph\u1ea9m \u0110\u1ec7m","isPartOf":{"@id":"https:\/\/abcbacninh.vn\/en\/#website"},"primaryImageOfPage":{"@id":"https:\/\/abcbacninh.vn\/en\/product\/mattress\/#primaryimage"},"image":{"@id":"https:\/\/abcbacninh.vn\/en\/product\/mattress\/#primaryimage"},"thumbnailUrl":"https:\/\/pub-b2eddeeb92ae444d848d347a6b3a9fc5.r2.dev\/abc-bac-ninh\/file\/1759395620_68de3f24a8e53.jpg","datePublished":"2025-01-07T07:52:00+00:00","dateModified":"2025-11-26T04:38:53+00:00","breadcrumb":{"@id":"https:\/\/abcbacninh.vn\/en\/product\/mattress\/#breadcrumb"},"inLanguage":"en-US","potentialAction":[{"@type":"ReadAction","target":["https:\/\/abcbacninh.vn\/en\/product\/mattress\/"]}]},{"@type":"ImageObject","inLanguage":"en-US","@id":"https:\/\/abcbacninh.vn\/en\/product\/mattress\/#primaryimage","url":"https:\/\/pub-b2eddeeb92ae444d848d347a6b3a9fc5.r2.dev\/abc-bac-ninh\/file\/1759395620_68de3f24a8e53.jpg","contentUrl":"https:\/\/pub-b2eddeeb92ae444d848d347a6b3a9fc5.r2.dev\/abc-bac-ninh\/file\/1759395620_68de3f24a8e53.jpg","width":999,"height":976},{"@type":"BreadcrumbList","@id":"https:\/\/abcbacninh.vn\/en\/product\/mattress\/#breadcrumb","itemListElement":[{"@type":"ListItem","position":1,"name":"Trang ch\u1ee7","item":"https:\/\/abcbacninh.vn\/en\/"},{"@type":"ListItem","position":2,"name":"Shop","item":"https:\/\/abcbacninh.vn\/cua-hang\/"},{"@type":"ListItem","position":3,"name":"Mattress"}]},{"@type":"WebSite","@id":"https:\/\/abcbacninh.vn\/en\/#website","url":"https:\/\/abcbacninh.vn\/en\/","name":"ABC B\u1eaeC NINH","description":"","publisher":{"@id":"https:\/\/abcbacninh.vn\/en\/#organization"},"potentialAction":[{"@type":"SearchAction","target":{"@type":"EntryPoint","urlTemplate":"https:\/\/abcbacninh.vn\/en\/?s={search_term_string}"},"query-input":{"@type":"PropertyValueSpecification","valueRequired":true,"valueName":"search_term_string"}}],"inLanguage":"en-US"},{"@type":"Organization","@id":"https:\/\/abcbacninh.vn\/en\/#organization","name":"ABC B\u1eaeC NINH","url":"https:\/\/abcbacninh.vn\/en\/","logo":{"@type":"ImageObject","inLanguage":"en-US","@id":"https:\/\/abcbacninh.vn\/en\/#\/schema\/logo\/image\/","url":"https:\/\/placehold.co\/64x64","contentUrl":"https:\/\/placehold.co\/64x64","width":512,"height":512,"caption":"ABC B\u1eaeC NINH"},"image":{"@id":"https:\/\/abcbacninh.vn\/en\/#\/schema\/logo\/image\/"}}]}},"_links":{"self":[{"href":"https:\/\/abcbacninh.vn\/en\/wp-json\/wp\/v2\/product\/1308","targetHints":{"allow":["GET"]}}],"collection":[{"href":"https:\/\/abcbacninh.vn\/en\/wp-json\/wp\/v2\/product"}],"about":[{"href":"https:\/\/abcbacninh.vn\/en\/wp-json\/wp\/v2\/types\/product"}],"replies":[{"embeddable":true,"href":"https:\/\/abcbacninh.vn\/en\/wp-json\/wp\/v2\/comments?post=1308"}],"wp:featuredmedia":[{"embeddable":true,"href":"https:\/\/abcbacninh.vn\/en\/wp-json\/wp\/v2\/media\/1125"}],"wp:attachment":[{"href":"https:\/\/abcbacninh.vn\/en\/wp-json\/wp\/v2\/media?parent=1308"}],"wp:term":[{"taxonomy":"product_brand","embeddable":true,"href":"https:\/\/abcbacninh.vn\/en\/wp-json\/wp\/v2\/product_brand?post=1308"},{"taxonomy":"product_cat","embeddable":true,"href":"https:\/\/abcbacninh.vn\/en\/wp-json\/wp\/v2\/product_cat?post=1308"},{"taxonomy":"product_tag","embeddable":true,"href":"https:\/\/abcbacninh.vn\/en\/wp-json\/wp\/v2\/product_tag?post=1308"}],"curies":[{"name":"wp","href":"https:\/\/api.w.org\/{rel}","templated":true}]}}