
{"id":1307,"date":"2025-01-07T07:52:00","date_gmt":"2025-01-07T07:52:00","guid":{"rendered":"https:\/\/abc-bac-ninh.trueads.ai\/san-pham\/abc-thermo-soft\/"},"modified":"2025-11-24T08:56:17","modified_gmt":"2025-11-24T08:56:17","slug":"abc-thermo-soft","status":"publish","type":"product","link":"https:\/\/abcbacninh.vn\/en\/product\/abc-thermo-soft\/","title":{"rendered":"ABC Thermo &#8211; Soft"},"content":{"rendered":"<p>\u0110\u01b0\u1ee3c l\u00e0m ch\u1ee7 y\u1ebfu t\u1eeb s\u1ee3i polyester r\u1ed7ng, m\u1ecbn, c\u00f3 silicon.<\/p>\n<p><strong>\u0110\u1eb7c t\u00ednh:\u00a0<\/strong><\/p>\n<p>C\u00f3 \u0111\u1ed9 \u0111\u00e0n h\u1ed3i t\u1ed1t, v\u00e0 m\u1ec1m m\u1ecbn \u00eam \u00e1i:<\/p>\n<p><strong>Nh\u1eb9 v\u00e0 \u1ea5m:\u00a0<\/strong><\/p>\n<p>\u0110\u1ed9 ph\u1ed3ng cao.<\/p>\n<p><strong>\u1ee8ng d\u1ee5ng:<\/strong> D\u00f9ng trong Jacket, ch\u0103n ga, g\u0103ng tay, t\u00fai ng\u1ee7.<\/p>\n<p><strong>Th\u00f4ng s\u1ed1 k\u1ef9 thu\u1eadt v\u00e0 \u0111\u00f3ng g\u00f3i:<\/strong><\/p>\n<table>\n<tbody>\n<tr>\n<td colspan=\"2\"><b>ABC Thermo Soft<\/b><\/td>\n<td><b>ABC-Soft<\/b><\/td>\n<td><b>ABC-Soft<\/b><\/td>\n<td><b>ABC-Soft<\/b><\/td>\n<td><b>ABC-Soft<\/b><\/td>\n<td><b>ABC-Soft<\/b><\/td>\n<td><b>ABC-Soft<\/b><\/td>\n<td><b>ABC-Soft<\/b><\/td>\n<td><b>ABC-Soft<\/b><\/td>\n<td><b>ABC-Soft<\/b><\/td>\n<td><b>ABC-Soft<\/b><\/td>\n<td><b>ABC-Soft<\/b><\/td>\n<td><b>ABC-Soft<\/b><\/td>\n<td><b>ABC-Soft<\/b><\/td>\n<\/tr>\n<tr>\n<td><b>Weight<\/b><\/td>\n<td><b>gr\/m2<\/b><\/td>\n<td><b>40<\/b><\/td>\n<td><b>60<\/b><\/td>\n<td><b>80<\/b><\/td>\n<td><b>100<\/b><\/td>\n<td><b>120<\/b><\/td>\n<td><b>140<\/b><\/td>\n<td><b>160<\/b><\/td>\n<td><b>180<\/b><\/td>\n<td><b>200<\/b><\/td>\n<td><b>220<\/b><\/td>\n<td><b>240<\/b><\/td>\n<td><b>260<\/b><\/td>\n<td><b>280<\/b><\/td>\n<\/tr>\n<tr>\n<td><b>Weight\u00a0<\/b><\/td>\n<td rowspan=\"2\"><b>%<\/b><\/td>\n<td colspan=\"14\" rowspan=\"2\"><b>+-5<\/b><\/td>\n<\/tr>\n<tr>\n<td><b>Allowance\u00a0<\/b><\/td>\n<\/tr>\n<tr>\n<td><b>Composition<\/b><\/td>\n<td><b>%<\/b><\/td>\n<td colspan=\"14\"><b>100% Polyester<\/b><\/td>\n<\/tr>\n<tr>\n<td><b>Width<\/b><\/td>\n<td><b>Inch<\/b><\/td>\n<td colspan=\"14\"><b>60&#8243;- 64&#8243;<\/b><\/td>\n<\/tr>\n<tr>\n<td><b>Roll Length\u00a0<\/b><\/td>\n<td><b>Yard<\/b><\/td>\n<td><b>120<\/b><\/td>\n<td><b>100<\/b><\/td>\n<td><b>70<\/b><\/td>\n<td><b>60<\/b><\/td>\n<td><b>50<\/b><\/td>\n<td><b>40<\/b><\/td>\n<td><b>35<\/b><\/td>\n<td><b>35<\/b><\/td>\n<td><b>30<\/b><\/td>\n<td><b>25<\/b><\/td>\n<td><b>25<\/b><\/td>\n<td><b>25<\/b><\/td>\n<td><b>20<\/b><\/td>\n<\/tr>\n<\/tbody>\n<\/table>\n","protected":false},"excerpt":{"rendered":"<p>\u0110\u01b0\u1ee3c l\u00e0m ch\u1ee7 y\u1ebfu t\u1eeb s\u1ee3i polyester r\u1ed7ng, m\u1ecbn, c\u00f3 silicon.<\/p>\n","protected":false},"featured_media":1282,"comment_status":"open","ping_status":"closed","template":"","meta":[],"product_brand":[],"product_cat":[47],"product_tag":[],"class_list":{"0":"post-1307","1":"product","2":"type-product","3":"status-publish","4":"has-post-thumbnail","6":"product_cat-padding","8":"first","9":"instock","10":"shipping-taxable","11":"product-type-simple"},"yoast_head":"<!-- This site is optimized with the Yoast SEO plugin v24.2 - https:\/\/yoast.com\/wordpress\/plugins\/seo\/ -->\n<title>ABC Thermo - Soft<\/title>\n<meta name=\"robots\" content=\"index, follow, max-snippet:-1, max-image-preview:large, max-video-preview:-1\" \/>\n<link rel=\"canonical\" href=\"https:\/\/abcbacninh.vn\/en\/product\/abc-thermo-soft\/\" \/>\n<meta property=\"og:locale\" content=\"en_US\" \/>\n<meta property=\"og:type\" content=\"article\" \/>\n<meta property=\"og:title\" content=\"B\u00f4ng t\u1ea5m - ABC B\u1eaeC NINH\" \/>\n<meta property=\"og:description\" content=\"S\u1ea3n ph\u1ea9m b\u00f4ng t\u1ea5m ABC Thermo \u0111\u00e1p \u1ee9ng ti\u00eau chu\u1ea9n an to\u00e0n h\u00e0ng \u0111\u1ea7u theo ch\u1ea5t l\u01b0\u1ee3ng Ch\u00e2u \u00c2u Oekotex Standard 100 Class I, v\u00e0 c\u0169ng \u0111\u00e1p \u1ee9ng \u0111\u01b0\u1ee3c ti\u00eau chu\u1ea9n t\u00e1i ch\u1ebf to\u00e0n c\u1ea7u GRS.\" \/>\n<meta property=\"og:url\" content=\"https:\/\/abcbacninh.vn\/en\/product\/abc-thermo-soft\/\" \/>\n<meta property=\"og:site_name\" content=\"ABC B\u1eaeC NINH\" \/>\n<meta property=\"article:modified_time\" content=\"2025-11-24T08:56:17+00:00\" \/>\n<meta name=\"twitter:card\" content=\"summary_large_image\" \/>\n<meta name=\"twitter:label1\" content=\"Est. reading time\" \/>\n\t<meta name=\"twitter:data1\" content=\"1 minute\" \/>\n<script type=\"application\/ld+json\" class=\"yoast-schema-graph\">{\"@context\":\"https:\/\/schema.org\",\"@graph\":[{\"@type\":\"WebPage\",\"@id\":\"https:\/\/abcbacninh.vn\/en\/product\/abc-thermo-soft\/\",\"url\":\"https:\/\/abcbacninh.vn\/en\/product\/abc-thermo-soft\/\",\"name\":\"ABC Thermo - Soft\",\"isPartOf\":{\"@id\":\"https:\/\/abcbacninh.vn\/en\/#website\"},\"primaryImageOfPage\":{\"@id\":\"https:\/\/abcbacninh.vn\/en\/product\/abc-thermo-soft\/#primaryimage\"},\"image\":{\"@id\":\"https:\/\/abcbacninh.vn\/en\/product\/abc-thermo-soft\/#primaryimage\"},\"thumbnailUrl\":\"https:\/\/pub-b2eddeeb92ae444d848d347a6b3a9fc5.r2.dev\/abc-bac-ninh\/file\/1763967091_69240073a7c99.jpg\",\"datePublished\":\"2025-01-07T07:52:00+00:00\",\"dateModified\":\"2025-11-24T08:56:17+00:00\",\"breadcrumb\":{\"@id\":\"https:\/\/abcbacninh.vn\/en\/product\/abc-thermo-soft\/#breadcrumb\"},\"inLanguage\":\"en-US\",\"potentialAction\":[{\"@type\":\"ReadAction\",\"target\":[\"https:\/\/abcbacninh.vn\/en\/product\/abc-thermo-soft\/\"]}]},{\"@type\":\"ImageObject\",\"inLanguage\":\"en-US\",\"@id\":\"https:\/\/abcbacninh.vn\/en\/product\/abc-thermo-soft\/#primaryimage\",\"url\":\"https:\/\/pub-b2eddeeb92ae444d848d347a6b3a9fc5.r2.dev\/abc-bac-ninh\/file\/1763967091_69240073a7c99.jpg\",\"contentUrl\":\"https:\/\/pub-b2eddeeb92ae444d848d347a6b3a9fc5.r2.dev\/abc-bac-ninh\/file\/1763967091_69240073a7c99.jpg\",\"width\":1668,\"height\":1323},{\"@type\":\"BreadcrumbList\",\"@id\":\"https:\/\/abcbacninh.vn\/en\/product\/abc-thermo-soft\/#breadcrumb\",\"itemListElement\":[{\"@type\":\"ListItem\",\"position\":1,\"name\":\"Trang ch\u1ee7\",\"item\":\"https:\/\/abcbacninh.vn\/en\/\"},{\"@type\":\"ListItem\",\"position\":2,\"name\":\"Shop\",\"item\":\"https:\/\/abcbacninh.vn\/cua-hang\/\"},{\"@type\":\"ListItem\",\"position\":3,\"name\":\"ABC Thermo &#8211; Soft\"}]},{\"@type\":\"WebSite\",\"@id\":\"https:\/\/abcbacninh.vn\/en\/#website\",\"url\":\"https:\/\/abcbacninh.vn\/en\/\",\"name\":\"ABC B\u1eaeC NINH\",\"description\":\"\",\"publisher\":{\"@id\":\"https:\/\/abcbacninh.vn\/en\/#organization\"},\"potentialAction\":[{\"@type\":\"SearchAction\",\"target\":{\"@type\":\"EntryPoint\",\"urlTemplate\":\"https:\/\/abcbacninh.vn\/en\/?s={search_term_string}\"},\"query-input\":{\"@type\":\"PropertyValueSpecification\",\"valueRequired\":true,\"valueName\":\"search_term_string\"}}],\"inLanguage\":\"en-US\"},{\"@type\":\"Organization\",\"@id\":\"https:\/\/abcbacninh.vn\/en\/#organization\",\"name\":\"ABC B\u1eaeC NINH\",\"url\":\"https:\/\/abcbacninh.vn\/en\/\",\"logo\":{\"@type\":\"ImageObject\",\"inLanguage\":\"en-US\",\"@id\":\"https:\/\/abcbacninh.vn\/en\/#\/schema\/logo\/image\/\",\"url\":\"https:\/\/placehold.co\/64x64\",\"contentUrl\":\"https:\/\/placehold.co\/64x64\",\"width\":512,\"height\":512,\"caption\":\"ABC B\u1eaeC NINH\"},\"image\":{\"@id\":\"https:\/\/abcbacninh.vn\/en\/#\/schema\/logo\/image\/\"}}]}<\/script>\n<!-- \/ Yoast SEO plugin. -->","yoast_head_json":{"title":"ABC Thermo - Soft","robots":{"index":"index","follow":"follow","max-snippet":"max-snippet:-1","max-image-preview":"max-image-preview:large","max-video-preview":"max-video-preview:-1"},"canonical":"https:\/\/abcbacninh.vn\/en\/product\/abc-thermo-soft\/","og_locale":"en_US","og_type":"article","og_title":"B\u00f4ng t\u1ea5m - ABC B\u1eaeC NINH","og_description":"S\u1ea3n ph\u1ea9m b\u00f4ng t\u1ea5m ABC Thermo \u0111\u00e1p \u1ee9ng ti\u00eau chu\u1ea9n an to\u00e0n h\u00e0ng \u0111\u1ea7u theo ch\u1ea5t l\u01b0\u1ee3ng Ch\u00e2u \u00c2u Oekotex Standard 100 Class I, v\u00e0 c\u0169ng \u0111\u00e1p \u1ee9ng \u0111\u01b0\u1ee3c ti\u00eau chu\u1ea9n t\u00e1i ch\u1ebf to\u00e0n c\u1ea7u GRS.","og_url":"https:\/\/abcbacninh.vn\/en\/product\/abc-thermo-soft\/","og_site_name":"ABC B\u1eaeC NINH","article_modified_time":"2025-11-24T08:56:17+00:00","twitter_card":"summary_large_image","twitter_misc":{"Est. reading time":"1 minute"},"schema":{"@context":"https:\/\/schema.org","@graph":[{"@type":"WebPage","@id":"https:\/\/abcbacninh.vn\/en\/product\/abc-thermo-soft\/","url":"https:\/\/abcbacninh.vn\/en\/product\/abc-thermo-soft\/","name":"ABC Thermo - Soft","isPartOf":{"@id":"https:\/\/abcbacninh.vn\/en\/#website"},"primaryImageOfPage":{"@id":"https:\/\/abcbacninh.vn\/en\/product\/abc-thermo-soft\/#primaryimage"},"image":{"@id":"https:\/\/abcbacninh.vn\/en\/product\/abc-thermo-soft\/#primaryimage"},"thumbnailUrl":"https:\/\/pub-b2eddeeb92ae444d848d347a6b3a9fc5.r2.dev\/abc-bac-ninh\/file\/1763967091_69240073a7c99.jpg","datePublished":"2025-01-07T07:52:00+00:00","dateModified":"2025-11-24T08:56:17+00:00","breadcrumb":{"@id":"https:\/\/abcbacninh.vn\/en\/product\/abc-thermo-soft\/#breadcrumb"},"inLanguage":"en-US","potentialAction":[{"@type":"ReadAction","target":["https:\/\/abcbacninh.vn\/en\/product\/abc-thermo-soft\/"]}]},{"@type":"ImageObject","inLanguage":"en-US","@id":"https:\/\/abcbacninh.vn\/en\/product\/abc-thermo-soft\/#primaryimage","url":"https:\/\/pub-b2eddeeb92ae444d848d347a6b3a9fc5.r2.dev\/abc-bac-ninh\/file\/1763967091_69240073a7c99.jpg","contentUrl":"https:\/\/pub-b2eddeeb92ae444d848d347a6b3a9fc5.r2.dev\/abc-bac-ninh\/file\/1763967091_69240073a7c99.jpg","width":1668,"height":1323},{"@type":"BreadcrumbList","@id":"https:\/\/abcbacninh.vn\/en\/product\/abc-thermo-soft\/#breadcrumb","itemListElement":[{"@type":"ListItem","position":1,"name":"Trang ch\u1ee7","item":"https:\/\/abcbacninh.vn\/en\/"},{"@type":"ListItem","position":2,"name":"Shop","item":"https:\/\/abcbacninh.vn\/cua-hang\/"},{"@type":"ListItem","position":3,"name":"ABC Thermo &#8211; Soft"}]},{"@type":"WebSite","@id":"https:\/\/abcbacninh.vn\/en\/#website","url":"https:\/\/abcbacninh.vn\/en\/","name":"ABC B\u1eaeC NINH","description":"","publisher":{"@id":"https:\/\/abcbacninh.vn\/en\/#organization"},"potentialAction":[{"@type":"SearchAction","target":{"@type":"EntryPoint","urlTemplate":"https:\/\/abcbacninh.vn\/en\/?s={search_term_string}"},"query-input":{"@type":"PropertyValueSpecification","valueRequired":true,"valueName":"search_term_string"}}],"inLanguage":"en-US"},{"@type":"Organization","@id":"https:\/\/abcbacninh.vn\/en\/#organization","name":"ABC B\u1eaeC NINH","url":"https:\/\/abcbacninh.vn\/en\/","logo":{"@type":"ImageObject","inLanguage":"en-US","@id":"https:\/\/abcbacninh.vn\/en\/#\/schema\/logo\/image\/","url":"https:\/\/placehold.co\/64x64","contentUrl":"https:\/\/placehold.co\/64x64","width":512,"height":512,"caption":"ABC B\u1eaeC NINH"},"image":{"@id":"https:\/\/abcbacninh.vn\/en\/#\/schema\/logo\/image\/"}}]}},"_links":{"self":[{"href":"https:\/\/abcbacninh.vn\/en\/wp-json\/wp\/v2\/product\/1307","targetHints":{"allow":["GET"]}}],"collection":[{"href":"https:\/\/abcbacninh.vn\/en\/wp-json\/wp\/v2\/product"}],"about":[{"href":"https:\/\/abcbacninh.vn\/en\/wp-json\/wp\/v2\/types\/product"}],"replies":[{"embeddable":true,"href":"https:\/\/abcbacninh.vn\/en\/wp-json\/wp\/v2\/comments?post=1307"}],"wp:featuredmedia":[{"embeddable":true,"href":"https:\/\/abcbacninh.vn\/en\/wp-json\/wp\/v2\/media\/1282"}],"wp:attachment":[{"href":"https:\/\/abcbacninh.vn\/en\/wp-json\/wp\/v2\/media?parent=1307"}],"wp:term":[{"taxonomy":"product_brand","embeddable":true,"href":"https:\/\/abcbacninh.vn\/en\/wp-json\/wp\/v2\/product_brand?post=1307"},{"taxonomy":"product_cat","embeddable":true,"href":"https:\/\/abcbacninh.vn\/en\/wp-json\/wp\/v2\/product_cat?post=1307"},{"taxonomy":"product_tag","embeddable":true,"href":"https:\/\/abcbacninh.vn\/en\/wp-json\/wp\/v2\/product_tag?post=1307"}],"curies":[{"name":"wp","href":"https:\/\/api.w.org\/{rel}","templated":true}]}}