
{"id":1305,"date":"2025-01-07T07:52:00","date_gmt":"2025-01-07T07:52:00","guid":{"rendered":"https:\/\/abc-bac-ninh.trueads.ai\/san-pham\/mex-nguyen-lieu\/"},"modified":"2025-11-26T04:39:44","modified_gmt":"2025-11-26T04:39:44","slug":"interlining","status":"publish","type":"product","link":"https:\/\/abcbacninh.vn\/en\/product\/interlining\/","title":{"rendered":"Interlining"},"content":{"rendered":"","protected":false},"excerpt":{"rendered":"<p>C\u00f4ng ty \u0111\u00e3 \u0111\u1ea7u t\u01b0 x\u00e2y d\u1ef1ng nh\u00e0 m\u00e1y hi\u1ec7n \u0111\u1ea1i, nh\u1eadp kh\u1ea9u m\u00e1y m\u00f3c c\u00f4ng ngh\u1ec7 ti\u00ean ti\u1ebfn \u0110\u00e0i Loan, H\u00e0n Qu\u1ed1c \u0111\u1ec3 s\u1ea3n xu\u1ea5t ra c\u00e1c s\u1ea3n ph\u1ea9m B\u00f4ng t\u1ea5m, B\u00f4ng h\u1ea1t, b\u00f4ng t\u01a1i v\u00e0 c\u00e1c s\u1ea3n ph\u1ea9m ch\u1ea7n b\u00f4ng v\u00e0 m\u1ed9t s\u1ed1 nguy\u00ean ph\u1ee5 li\u1ec7u kh\u00e1c nh\u01b0 Interlining ch\u1ea5t l\u01b0\u1ee3ng cao \u0111\u00e1p \u1ee9ng nhu c\u1ea7u c\u1ee7a kh\u00e1ch h\u00e0ng qu\u1ed1c t\u1ebf.<\/p>\n","protected":false},"featured_media":1270,"comment_status":"open","ping_status":"closed","template":"","meta":[],"product_brand":[],"product_cat":[50],"product_tag":[],"class_list":{"0":"post-1305","1":"product","2":"type-product","3":"status-publish","4":"has-post-thumbnail","6":"product_cat-interlining","8":"first","9":"instock","10":"shipping-taxable","11":"product-type-simple"},"yoast_head":"<!-- This site is optimized with the Yoast SEO plugin v24.2 - https:\/\/yoast.com\/wordpress\/plugins\/seo\/ -->\n<title>S\u1ea3n ph\u1ea9m 4 - ABC B\u1eaeC NINH<\/title>\n<meta name=\"description\" content=\"C\u00f4ng ty \u0111\u00e3 \u0111\u1ea7u t\u01b0 x\u00e2y d\u1ef1ng nh\u00e0 m\u00e1y hi\u1ec7n \u0111\u1ea1i, nh\u1eadp kh\u1ea9u m\u00e1y m\u00f3c c\u00f4ng ngh\u1ec7 ti\u00ean ti\u1ebfn \u0110\u00e0i Loan, H\u00e0n Qu\u1ed1c \u0111\u1ec3 s\u1ea3n xu\u1ea5t ra c\u00e1c s\u1ea3n ph\u1ea9m B\u00f4ng t\u1ea5m, B\u00f4ng h\u1ea1t, b\u00f4ng t\u01a1i v\u00e0 c\u00e1c s\u1ea3n ph\u1ea9m ch\u1ea7n b\u00f4ng v\u00e0 m\u1ed9t s\u1ed1 nguy\u00ean ph\u1ee5 li\u1ec7u kh\u00e1c nh\u01b0 Interlining ch\u1ea5t l\u01b0\u1ee3ng cao \u0111\u00e1p \u1ee9ng nhu c\u1ea7u c\u1ee7a kh\u00e1ch h\u00e0ng qu\u1ed1c t\u1ebf.\" \/>\n<meta name=\"robots\" content=\"index, follow, max-snippet:-1, max-image-preview:large, max-video-preview:-1\" \/>\n<link rel=\"canonical\" href=\"https:\/\/abcbacninh.vn\/en\/product\/interlining\/\" \/>\n<meta property=\"og:locale\" content=\"en_US\" \/>\n<meta property=\"og:type\" content=\"article\" \/>\n<meta property=\"og:title\" content=\"S\u1ea3n ph\u1ea9m 4 - ABC B\u1eaeC NINH\" \/>\n<meta property=\"og:description\" content=\"C\u00f4ng ty \u0111\u00e3 \u0111\u1ea7u t\u01b0 x\u00e2y d\u1ef1ng nh\u00e0 m\u00e1y hi\u1ec7n \u0111\u1ea1i, nh\u1eadp kh\u1ea9u m\u00e1y m\u00f3c c\u00f4ng ngh\u1ec7 ti\u00ean ti\u1ebfn \u0110\u00e0i Loan, H\u00e0n Qu\u1ed1c \u0111\u1ec3 s\u1ea3n xu\u1ea5t ra c\u00e1c s\u1ea3n ph\u1ea9m B\u00f4ng t\u1ea5m, B\u00f4ng h\u1ea1t, b\u00f4ng t\u01a1i v\u00e0 c\u00e1c s\u1ea3n ph\u1ea9m ch\u1ea7n b\u00f4ng v\u00e0 m\u1ed9t s\u1ed1 nguy\u00ean ph\u1ee5 li\u1ec7u kh\u00e1c nh\u01b0 Interlining ch\u1ea5t l\u01b0\u1ee3ng cao \u0111\u00e1p \u1ee9ng nhu c\u1ea7u c\u1ee7a kh\u00e1ch h\u00e0ng qu\u1ed1c t\u1ebf.\" \/>\n<meta property=\"og:url\" content=\"https:\/\/abcbacninh.vn\/en\/product\/interlining\/\" \/>\n<meta property=\"og:site_name\" content=\"ABC B\u1eaeC NINH\" \/>\n<meta property=\"article:modified_time\" content=\"2025-11-26T04:39:44+00:00\" \/>\n<meta property=\"og:image\" content=\"https:\/\/abc-bac-ninh.trueads.ai\/wp-content\/uploads\/2025\/01\/day-quai-cong-ty-tnhh-s-n-xu-t-thuong-m-i-h-u-tin-8.jpg\" \/>\n<meta name=\"twitter:card\" content=\"summary_large_image\" \/>\n<script type=\"application\/ld+json\" class=\"yoast-schema-graph\">{\"@context\":\"https:\/\/schema.org\",\"@graph\":[{\"@type\":\"WebPage\",\"@id\":\"https:\/\/abcbacninh.vn\/en\/product\/interlining\/\",\"url\":\"https:\/\/abcbacninh.vn\/en\/product\/interlining\/\",\"name\":\"S\u1ea3n ph\u1ea9m 4 - ABC B\u1eaeC NINH\",\"isPartOf\":{\"@id\":\"https:\/\/abcbacninh.vn\/en\/#website\"},\"primaryImageOfPage\":{\"@id\":\"https:\/\/abcbacninh.vn\/en\/product\/interlining\/#primaryimage\"},\"image\":{\"@id\":\"https:\/\/abcbacninh.vn\/en\/product\/interlining\/#primaryimage\"},\"thumbnailUrl\":\"https:\/\/pub-b2eddeeb92ae444d848d347a6b3a9fc5.r2.dev\/abc-bac-ninh\/file\/1763455805_691c333d020cc.jpg\",\"datePublished\":\"2025-01-07T07:52:00+00:00\",\"dateModified\":\"2025-11-26T04:39:44+00:00\",\"description\":\"C\u00f4ng ty \u0111\u00e3 \u0111\u1ea7u t\u01b0 x\u00e2y d\u1ef1ng nh\u00e0 m\u00e1y hi\u1ec7n \u0111\u1ea1i, nh\u1eadp kh\u1ea9u m\u00e1y m\u00f3c c\u00f4ng ngh\u1ec7 ti\u00ean ti\u1ebfn \u0110\u00e0i Loan, H\u00e0n Qu\u1ed1c \u0111\u1ec3 s\u1ea3n xu\u1ea5t ra c\u00e1c s\u1ea3n ph\u1ea9m B\u00f4ng t\u1ea5m, B\u00f4ng h\u1ea1t, b\u00f4ng t\u01a1i v\u00e0 c\u00e1c s\u1ea3n ph\u1ea9m ch\u1ea7n b\u00f4ng v\u00e0 m\u1ed9t s\u1ed1 nguy\u00ean ph\u1ee5 li\u1ec7u kh\u00e1c nh\u01b0 Interlining ch\u1ea5t l\u01b0\u1ee3ng cao \u0111\u00e1p \u1ee9ng nhu c\u1ea7u c\u1ee7a kh\u00e1ch h\u00e0ng qu\u1ed1c t\u1ebf.\",\"breadcrumb\":{\"@id\":\"https:\/\/abcbacninh.vn\/en\/product\/interlining\/#breadcrumb\"},\"inLanguage\":\"en-US\",\"potentialAction\":[{\"@type\":\"ReadAction\",\"target\":[\"https:\/\/abcbacninh.vn\/en\/product\/interlining\/\"]}]},{\"@type\":\"ImageObject\",\"inLanguage\":\"en-US\",\"@id\":\"https:\/\/abcbacninh.vn\/en\/product\/interlining\/#primaryimage\",\"url\":\"https:\/\/pub-b2eddeeb92ae444d848d347a6b3a9fc5.r2.dev\/abc-bac-ninh\/file\/1763455805_691c333d020cc.jpg\",\"contentUrl\":\"https:\/\/pub-b2eddeeb92ae444d848d347a6b3a9fc5.r2.dev\/abc-bac-ninh\/file\/1763455805_691c333d020cc.jpg\",\"width\":798,\"height\":522},{\"@type\":\"BreadcrumbList\",\"@id\":\"https:\/\/abcbacninh.vn\/en\/product\/interlining\/#breadcrumb\",\"itemListElement\":[{\"@type\":\"ListItem\",\"position\":1,\"name\":\"Trang ch\u1ee7\",\"item\":\"https:\/\/abcbacninh.vn\/en\/\"},{\"@type\":\"ListItem\",\"position\":2,\"name\":\"Shop\",\"item\":\"https:\/\/abcbacninh.vn\/cua-hang\/\"},{\"@type\":\"ListItem\",\"position\":3,\"name\":\"Interlining\"}]},{\"@type\":\"WebSite\",\"@id\":\"https:\/\/abcbacninh.vn\/en\/#website\",\"url\":\"https:\/\/abcbacninh.vn\/en\/\",\"name\":\"ABC B\u1eaeC NINH\",\"description\":\"\",\"publisher\":{\"@id\":\"https:\/\/abcbacninh.vn\/en\/#organization\"},\"potentialAction\":[{\"@type\":\"SearchAction\",\"target\":{\"@type\":\"EntryPoint\",\"urlTemplate\":\"https:\/\/abcbacninh.vn\/en\/?s={search_term_string}\"},\"query-input\":{\"@type\":\"PropertyValueSpecification\",\"valueRequired\":true,\"valueName\":\"search_term_string\"}}],\"inLanguage\":\"en-US\"},{\"@type\":\"Organization\",\"@id\":\"https:\/\/abcbacninh.vn\/en\/#organization\",\"name\":\"ABC B\u1eaeC NINH\",\"url\":\"https:\/\/abcbacninh.vn\/en\/\",\"logo\":{\"@type\":\"ImageObject\",\"inLanguage\":\"en-US\",\"@id\":\"https:\/\/abcbacninh.vn\/en\/#\/schema\/logo\/image\/\",\"url\":\"https:\/\/placehold.co\/64x64\",\"contentUrl\":\"https:\/\/placehold.co\/64x64\",\"width\":512,\"height\":512,\"caption\":\"ABC B\u1eaeC NINH\"},\"image\":{\"@id\":\"https:\/\/abcbacninh.vn\/en\/#\/schema\/logo\/image\/\"}}]}<\/script>\n<!-- \/ Yoast SEO plugin. -->","yoast_head_json":{"title":"S\u1ea3n ph\u1ea9m 4 - ABC B\u1eaeC NINH","description":"C\u00f4ng ty \u0111\u00e3 \u0111\u1ea7u t\u01b0 x\u00e2y d\u1ef1ng nh\u00e0 m\u00e1y hi\u1ec7n \u0111\u1ea1i, nh\u1eadp kh\u1ea9u m\u00e1y m\u00f3c c\u00f4ng ngh\u1ec7 ti\u00ean ti\u1ebfn \u0110\u00e0i Loan, H\u00e0n Qu\u1ed1c \u0111\u1ec3 s\u1ea3n xu\u1ea5t ra c\u00e1c s\u1ea3n ph\u1ea9m B\u00f4ng t\u1ea5m, B\u00f4ng h\u1ea1t, b\u00f4ng t\u01a1i v\u00e0 c\u00e1c s\u1ea3n ph\u1ea9m ch\u1ea7n b\u00f4ng v\u00e0 m\u1ed9t s\u1ed1 nguy\u00ean ph\u1ee5 li\u1ec7u kh\u00e1c nh\u01b0 Interlining ch\u1ea5t l\u01b0\u1ee3ng cao \u0111\u00e1p \u1ee9ng nhu c\u1ea7u c\u1ee7a kh\u00e1ch h\u00e0ng qu\u1ed1c t\u1ebf.","robots":{"index":"index","follow":"follow","max-snippet":"max-snippet:-1","max-image-preview":"max-image-preview:large","max-video-preview":"max-video-preview:-1"},"canonical":"https:\/\/abcbacninh.vn\/en\/product\/interlining\/","og_locale":"en_US","og_type":"article","og_title":"S\u1ea3n ph\u1ea9m 4 - ABC B\u1eaeC NINH","og_description":"C\u00f4ng ty \u0111\u00e3 \u0111\u1ea7u t\u01b0 x\u00e2y d\u1ef1ng nh\u00e0 m\u00e1y hi\u1ec7n \u0111\u1ea1i, nh\u1eadp kh\u1ea9u m\u00e1y m\u00f3c c\u00f4ng ngh\u1ec7 ti\u00ean ti\u1ebfn \u0110\u00e0i Loan, H\u00e0n Qu\u1ed1c \u0111\u1ec3 s\u1ea3n xu\u1ea5t ra c\u00e1c s\u1ea3n ph\u1ea9m B\u00f4ng t\u1ea5m, B\u00f4ng h\u1ea1t, b\u00f4ng t\u01a1i v\u00e0 c\u00e1c s\u1ea3n ph\u1ea9m ch\u1ea7n b\u00f4ng v\u00e0 m\u1ed9t s\u1ed1 nguy\u00ean ph\u1ee5 li\u1ec7u kh\u00e1c nh\u01b0 Interlining ch\u1ea5t l\u01b0\u1ee3ng cao \u0111\u00e1p \u1ee9ng nhu c\u1ea7u c\u1ee7a kh\u00e1ch h\u00e0ng qu\u1ed1c t\u1ebf.","og_url":"https:\/\/abcbacninh.vn\/en\/product\/interlining\/","og_site_name":"ABC B\u1eaeC NINH","article_modified_time":"2025-11-26T04:39:44+00:00","og_image":[{"url":"https:\/\/abc-bac-ninh.trueads.ai\/wp-content\/uploads\/2025\/01\/day-quai-cong-ty-tnhh-s-n-xu-t-thuong-m-i-h-u-tin-8.jpg","type":"","width":"","height":""}],"twitter_card":"summary_large_image","schema":{"@context":"https:\/\/schema.org","@graph":[{"@type":"WebPage","@id":"https:\/\/abcbacninh.vn\/en\/product\/interlining\/","url":"https:\/\/abcbacninh.vn\/en\/product\/interlining\/","name":"S\u1ea3n ph\u1ea9m 4 - ABC B\u1eaeC NINH","isPartOf":{"@id":"https:\/\/abcbacninh.vn\/en\/#website"},"primaryImageOfPage":{"@id":"https:\/\/abcbacninh.vn\/en\/product\/interlining\/#primaryimage"},"image":{"@id":"https:\/\/abcbacninh.vn\/en\/product\/interlining\/#primaryimage"},"thumbnailUrl":"https:\/\/pub-b2eddeeb92ae444d848d347a6b3a9fc5.r2.dev\/abc-bac-ninh\/file\/1763455805_691c333d020cc.jpg","datePublished":"2025-01-07T07:52:00+00:00","dateModified":"2025-11-26T04:39:44+00:00","description":"C\u00f4ng ty \u0111\u00e3 \u0111\u1ea7u t\u01b0 x\u00e2y d\u1ef1ng nh\u00e0 m\u00e1y hi\u1ec7n \u0111\u1ea1i, nh\u1eadp kh\u1ea9u m\u00e1y m\u00f3c c\u00f4ng ngh\u1ec7 ti\u00ean ti\u1ebfn \u0110\u00e0i Loan, H\u00e0n Qu\u1ed1c \u0111\u1ec3 s\u1ea3n xu\u1ea5t ra c\u00e1c s\u1ea3n ph\u1ea9m B\u00f4ng t\u1ea5m, B\u00f4ng h\u1ea1t, b\u00f4ng t\u01a1i v\u00e0 c\u00e1c s\u1ea3n ph\u1ea9m ch\u1ea7n b\u00f4ng v\u00e0 m\u1ed9t s\u1ed1 nguy\u00ean ph\u1ee5 li\u1ec7u kh\u00e1c nh\u01b0 Interlining ch\u1ea5t l\u01b0\u1ee3ng cao \u0111\u00e1p \u1ee9ng nhu c\u1ea7u c\u1ee7a kh\u00e1ch h\u00e0ng qu\u1ed1c t\u1ebf.","breadcrumb":{"@id":"https:\/\/abcbacninh.vn\/en\/product\/interlining\/#breadcrumb"},"inLanguage":"en-US","potentialAction":[{"@type":"ReadAction","target":["https:\/\/abcbacninh.vn\/en\/product\/interlining\/"]}]},{"@type":"ImageObject","inLanguage":"en-US","@id":"https:\/\/abcbacninh.vn\/en\/product\/interlining\/#primaryimage","url":"https:\/\/pub-b2eddeeb92ae444d848d347a6b3a9fc5.r2.dev\/abc-bac-ninh\/file\/1763455805_691c333d020cc.jpg","contentUrl":"https:\/\/pub-b2eddeeb92ae444d848d347a6b3a9fc5.r2.dev\/abc-bac-ninh\/file\/1763455805_691c333d020cc.jpg","width":798,"height":522},{"@type":"BreadcrumbList","@id":"https:\/\/abcbacninh.vn\/en\/product\/interlining\/#breadcrumb","itemListElement":[{"@type":"ListItem","position":1,"name":"Trang ch\u1ee7","item":"https:\/\/abcbacninh.vn\/en\/"},{"@type":"ListItem","position":2,"name":"Shop","item":"https:\/\/abcbacninh.vn\/cua-hang\/"},{"@type":"ListItem","position":3,"name":"Interlining"}]},{"@type":"WebSite","@id":"https:\/\/abcbacninh.vn\/en\/#website","url":"https:\/\/abcbacninh.vn\/en\/","name":"ABC B\u1eaeC NINH","description":"","publisher":{"@id":"https:\/\/abcbacninh.vn\/en\/#organization"},"potentialAction":[{"@type":"SearchAction","target":{"@type":"EntryPoint","urlTemplate":"https:\/\/abcbacninh.vn\/en\/?s={search_term_string}"},"query-input":{"@type":"PropertyValueSpecification","valueRequired":true,"valueName":"search_term_string"}}],"inLanguage":"en-US"},{"@type":"Organization","@id":"https:\/\/abcbacninh.vn\/en\/#organization","name":"ABC B\u1eaeC NINH","url":"https:\/\/abcbacninh.vn\/en\/","logo":{"@type":"ImageObject","inLanguage":"en-US","@id":"https:\/\/abcbacninh.vn\/en\/#\/schema\/logo\/image\/","url":"https:\/\/placehold.co\/64x64","contentUrl":"https:\/\/placehold.co\/64x64","width":512,"height":512,"caption":"ABC B\u1eaeC NINH"},"image":{"@id":"https:\/\/abcbacninh.vn\/en\/#\/schema\/logo\/image\/"}}]}},"_links":{"self":[{"href":"https:\/\/abcbacninh.vn\/en\/wp-json\/wp\/v2\/product\/1305","targetHints":{"allow":["GET"]}}],"collection":[{"href":"https:\/\/abcbacninh.vn\/en\/wp-json\/wp\/v2\/product"}],"about":[{"href":"https:\/\/abcbacninh.vn\/en\/wp-json\/wp\/v2\/types\/product"}],"replies":[{"embeddable":true,"href":"https:\/\/abcbacninh.vn\/en\/wp-json\/wp\/v2\/comments?post=1305"}],"wp:featuredmedia":[{"embeddable":true,"href":"https:\/\/abcbacninh.vn\/en\/wp-json\/wp\/v2\/media\/1270"}],"wp:attachment":[{"href":"https:\/\/abcbacninh.vn\/en\/wp-json\/wp\/v2\/media?parent=1305"}],"wp:term":[{"taxonomy":"product_brand","embeddable":true,"href":"https:\/\/abcbacninh.vn\/en\/wp-json\/wp\/v2\/product_brand?post=1305"},{"taxonomy":"product_cat","embeddable":true,"href":"https:\/\/abcbacninh.vn\/en\/wp-json\/wp\/v2\/product_cat?post=1305"},{"taxonomy":"product_tag","embeddable":true,"href":"https:\/\/abcbacninh.vn\/en\/wp-json\/wp\/v2\/product_tag?post=1305"}],"curies":[{"name":"wp","href":"https:\/\/api.w.org\/{rel}","templated":true}]}}