
{"id":1304,"date":"2025-11-18T08:18:00","date_gmt":"2025-11-18T08:18:00","guid":{"rendered":"https:\/\/abc-bac-ninh.trueads.ai\/san-pham\/abc-thermo-h\/"},"modified":"2025-11-24T08:21:53","modified_gmt":"2025-11-24T08:21:53","slug":"abc-thermo-h","status":"publish","type":"product","link":"https:\/\/abcbacninh.vn\/en\/product\/abc-thermo-h\/","title":{"rendered":"ABC Thermo-H"},"content":{"rendered":"<p><span style=\"font-weight: 400;\">\u0110\u01b0\u1ee3c l\u00e0m ch\u1ee7 y\u1ebfu t\u1eeb s\u1ee3i polyesyer r\u1ed7ng, m\u1ecbn.<\/span><\/p>\n<p><b>\u0110\u1eb7c t\u00ednh:<\/b><\/p>\n<p><span style=\"font-weight: 400;\">C\u00f3 \u0111\u1ed9 \u0111\u00e0n h\u1ed3i r\u1ea5t cao<\/span><\/p>\n<p><span style=\"font-weight: 400;\">Gi\u1eef nguy\u00ean h\u00ecnh d\u00e1ng, t\u00ednh n\u0103ng sau khi gi\u1eb7t<\/span><\/p>\n<p><span style=\"font-weight: 400;\">Nh\u1eb9 v\u00e0 \u1ea5m<\/span><\/p>\n<p><b>\u1ee8ng d\u1ee5ng:\u00a0 <\/b><span style=\"font-weight: 400;\">D\u00f9ng trong<\/span> <span style=\"font-weight: 400;\">Jacket, Ch\u0103n ga, G\u0103ng tay , T\u00fai ng\u1ee7<\/span><\/p>\n<p><b>Th\u00f4ng s\u1ed1 k\u1ef9 thu\u1eadt v\u00e0 \u0111\u00f3ng g\u00f3i:<\/b><\/p>\n<table>\n<tbody>\n<tr>\n<td colspan=\"2\"><b>ABC Thermo Hard<\/b><\/td>\n<td><b>ABC-Hard<\/b><\/td>\n<td><b>ABC-Hard<\/b><\/td>\n<td><b>ABC-Hard<\/b><\/td>\n<td><b>ABC-Hard<\/b><\/td>\n<td><b>ABC-Hard<\/b><\/td>\n<td><b>ABC-Hard<\/b><\/td>\n<td><b>ABC-Hard<\/b><\/td>\n<td><b>ABC-Hard<\/b><\/td>\n<td><b>ABC-Hard<\/b><\/td>\n<td><b>ABC-Hard<\/b><\/td>\n<td><b>ABC-Hard<\/b><\/td>\n<td><b>ABC-Hard<\/b><\/td>\n<td><b>ABC-Hard<\/b><\/td>\n<\/tr>\n<tr>\n<td><b>Weight<\/b><\/td>\n<td><b>gr\/m2<\/b><\/td>\n<td><b>40<\/b><\/td>\n<td><b>60<\/b><\/td>\n<td><b>80<\/b><\/td>\n<td><b>100<\/b><\/td>\n<td><b>120<\/b><\/td>\n<td><b>140<\/b><\/td>\n<td><b>160<\/b><\/td>\n<td><b>180<\/b><\/td>\n<td><b>200<\/b><\/td>\n<td><b>220<\/b><\/td>\n<td><b>240<\/b><\/td>\n<td><b>260<\/b><\/td>\n<td><b>280<\/b><\/td>\n<\/tr>\n<tr>\n<td><b>Weight\u00a0<\/b><\/td>\n<td rowspan=\"2\"><b>%<\/b><\/td>\n<td colspan=\"14\" rowspan=\"2\"><b>+-5<\/b><\/td>\n<\/tr>\n<tr>\n<td><b>Allowance\u00a0<\/b><\/td>\n<\/tr>\n<tr>\n<td><b>Composition<\/b><\/td>\n<td><b>%<\/b><\/td>\n<td colspan=\"14\"><b>100% Polyester<\/b><\/td>\n<\/tr>\n<tr>\n<td><b>Width<\/b><\/td>\n<td><b>Inch<\/b><\/td>\n<td colspan=\"14\"><b>60&#8243;- 64&#8243;<\/b><\/td>\n<\/tr>\n<tr>\n<td><b>Roll Length<\/b><\/td>\n<td><b>Yard<\/b><\/td>\n<td><b>120<\/b><\/td>\n<td><b>100<\/b><\/td>\n<td><b>70<\/b><\/td>\n<td><b>60<\/b><\/td>\n<td><b>50<\/b><\/td>\n<td><b>40<\/b><\/td>\n<td><b>35<\/b><\/td>\n<td><b>35<\/b><\/td>\n<td><b>30<\/b><\/td>\n<td><b>25<\/b><\/td>\n<td><b>25<\/b><\/td>\n<td><b>25<\/b><\/td>\n<td><b>20<\/b><\/td>\n<\/tr>\n<\/tbody>\n<\/table>\n","protected":false},"excerpt":{"rendered":"<p><span style=\"font-weight: 400;\">\u0110\u01b0\u1ee3c l\u00e0m ch\u1ee7 y\u1ebfu t\u1eeb s\u1ee3i polyesyer r\u1ed7ng, m\u1ecbn.<\/span><\/p>\n<p><b>\u1ee8ng d\u1ee5ng:\u00a0 <\/b><span style=\"font-weight: 400;\">D\u00f9ng trong<\/span> <span style=\"font-weight: 400;\">Jacket, Ch\u0103n ga, G\u0103ng tay , T\u00fai ng\u1ee7<\/span><\/p>\n","protected":false},"featured_media":1283,"comment_status":"open","ping_status":"closed","template":"","meta":[],"product_brand":[],"product_cat":[47],"product_tag":[],"class_list":{"0":"post-1304","1":"product","2":"type-product","3":"status-publish","4":"has-post-thumbnail","6":"product_cat-padding","8":"first","9":"instock","10":"product-type-simple"},"yoast_head":"<!-- This site is optimized with the Yoast SEO plugin v24.2 - https:\/\/yoast.com\/wordpress\/plugins\/seo\/ -->\n<title>ABC Thermo-H<\/title>\n<meta name=\"robots\" content=\"index, follow, max-snippet:-1, max-image-preview:large, max-video-preview:-1\" \/>\n<link rel=\"canonical\" href=\"https:\/\/abcbacninh.vn\/en\/product\/abc-thermo-h\/\" \/>\n<meta property=\"og:locale\" content=\"en_US\" \/>\n<meta property=\"og:type\" content=\"article\" \/>\n<meta property=\"og:title\" content=\"ABC Thermo-H\" \/>\n<meta property=\"og:description\" content=\"\u0110\u01b0\u1ee3c l\u00e0m ch\u1ee7 y\u1ebfu t\u1eeb s\u1ee3i polyesyer r\u1ed7ng, m\u1ecbn.\u0110\u1eb7c t\u00ednh:C\u00f3 \u0111\u1ed9 \u0111\u00e0n h\u1ed3i r\u1ea5t caoGi\u1eef nguy\u00ean h\u00ecnh d\u00e1ng, t\u00ednh n\u0103ng sau khi gi\u1eb7tNh\u1eb9 v\u00e0 \u1ea5m\u1ee8ng d\u1ee5ng:\u00a0 D\u00f9ng trong Jacket, Ch\u0103n ga, G\u0103ng tay , T\u00fai ng\u1ee7Th\u00f4ng s\u1ed1 k\u1ef9 thu\u1eadt v\u00e0 \u0111\u00f3ng g\u00f3i:ABC Thermo HardABC-HardABC-HardABC-HardABC-HardABC-HardABC-HardABC-HardABC-HardABC-HardABC-HardABC-HardABC-HardABC-HardWeightgr\/m2406080100120140160180200220240260280Weight\u00a0%+-5Allowance\u00a0Composition0% PolyesterWidthInch60&quot;- 64&quot;Roll LengthYard1201007060504035353025252520\" \/>\n<meta property=\"og:url\" content=\"https:\/\/abcbacninh.vn\/en\/product\/abc-thermo-h\/\" \/>\n<meta property=\"og:site_name\" content=\"ABC B\u1eaeC NINH\" \/>\n<meta property=\"article:modified_time\" content=\"2025-11-24T08:21:53+00:00\" \/>\n<meta name=\"twitter:card\" content=\"summary_large_image\" \/>\n<meta name=\"twitter:label1\" content=\"Est. reading time\" \/>\n\t<meta name=\"twitter:data1\" content=\"1 minute\" \/>\n<script type=\"application\/ld+json\" class=\"yoast-schema-graph\">{\"@context\":\"https:\/\/schema.org\",\"@graph\":[{\"@type\":\"WebPage\",\"@id\":\"https:\/\/abcbacninh.vn\/en\/product\/abc-thermo-h\/\",\"url\":\"https:\/\/abcbacninh.vn\/en\/product\/abc-thermo-h\/\",\"name\":\"ABC Thermo-H\",\"isPartOf\":{\"@id\":\"https:\/\/abcbacninh.vn\/en\/#website\"},\"primaryImageOfPage\":{\"@id\":\"https:\/\/abcbacninh.vn\/en\/product\/abc-thermo-h\/#primaryimage\"},\"image\":{\"@id\":\"https:\/\/abcbacninh.vn\/en\/product\/abc-thermo-h\/#primaryimage\"},\"thumbnailUrl\":\"https:\/\/pub-b2eddeeb92ae444d848d347a6b3a9fc5.r2.dev\/abc-bac-ninh\/file\/1763967142_692400a67488a.jpg\",\"datePublished\":\"2025-11-18T08:18:00+00:00\",\"dateModified\":\"2025-11-24T08:21:53+00:00\",\"breadcrumb\":{\"@id\":\"https:\/\/abcbacninh.vn\/en\/product\/abc-thermo-h\/#breadcrumb\"},\"inLanguage\":\"en-US\",\"potentialAction\":[{\"@type\":\"ReadAction\",\"target\":[\"https:\/\/abcbacninh.vn\/en\/product\/abc-thermo-h\/\"]}]},{\"@type\":\"ImageObject\",\"inLanguage\":\"en-US\",\"@id\":\"https:\/\/abcbacninh.vn\/en\/product\/abc-thermo-h\/#primaryimage\",\"url\":\"https:\/\/pub-b2eddeeb92ae444d848d347a6b3a9fc5.r2.dev\/abc-bac-ninh\/file\/1763967142_692400a67488a.jpg\",\"contentUrl\":\"https:\/\/pub-b2eddeeb92ae444d848d347a6b3a9fc5.r2.dev\/abc-bac-ninh\/file\/1763967142_692400a67488a.jpg\",\"width\":1670,\"height\":1215},{\"@type\":\"BreadcrumbList\",\"@id\":\"https:\/\/abcbacninh.vn\/en\/product\/abc-thermo-h\/#breadcrumb\",\"itemListElement\":[{\"@type\":\"ListItem\",\"position\":1,\"name\":\"Trang ch\u1ee7\",\"item\":\"https:\/\/abcbacninh.vn\/en\/\"},{\"@type\":\"ListItem\",\"position\":2,\"name\":\"Shop\",\"item\":\"https:\/\/abcbacninh.vn\/cua-hang\/\"},{\"@type\":\"ListItem\",\"position\":3,\"name\":\"ABC Thermo-H\"}]},{\"@type\":\"WebSite\",\"@id\":\"https:\/\/abcbacninh.vn\/en\/#website\",\"url\":\"https:\/\/abcbacninh.vn\/en\/\",\"name\":\"ABC B\u1eaeC NINH\",\"description\":\"\",\"publisher\":{\"@id\":\"https:\/\/abcbacninh.vn\/en\/#organization\"},\"potentialAction\":[{\"@type\":\"SearchAction\",\"target\":{\"@type\":\"EntryPoint\",\"urlTemplate\":\"https:\/\/abcbacninh.vn\/en\/?s={search_term_string}\"},\"query-input\":{\"@type\":\"PropertyValueSpecification\",\"valueRequired\":true,\"valueName\":\"search_term_string\"}}],\"inLanguage\":\"en-US\"},{\"@type\":\"Organization\",\"@id\":\"https:\/\/abcbacninh.vn\/en\/#organization\",\"name\":\"ABC B\u1eaeC NINH\",\"url\":\"https:\/\/abcbacninh.vn\/en\/\",\"logo\":{\"@type\":\"ImageObject\",\"inLanguage\":\"en-US\",\"@id\":\"https:\/\/abcbacninh.vn\/en\/#\/schema\/logo\/image\/\",\"url\":\"https:\/\/placehold.co\/64x64\",\"contentUrl\":\"https:\/\/placehold.co\/64x64\",\"width\":512,\"height\":512,\"caption\":\"ABC B\u1eaeC NINH\"},\"image\":{\"@id\":\"https:\/\/abcbacninh.vn\/en\/#\/schema\/logo\/image\/\"}}]}<\/script>\n<!-- \/ Yoast SEO plugin. -->","yoast_head_json":{"title":"ABC Thermo-H","robots":{"index":"index","follow":"follow","max-snippet":"max-snippet:-1","max-image-preview":"max-image-preview:large","max-video-preview":"max-video-preview:-1"},"canonical":"https:\/\/abcbacninh.vn\/en\/product\/abc-thermo-h\/","og_locale":"en_US","og_type":"article","og_title":"ABC Thermo-H","og_description":"\u0110\u01b0\u1ee3c l\u00e0m ch\u1ee7 y\u1ebfu t\u1eeb s\u1ee3i polyesyer r\u1ed7ng, m\u1ecbn.\u0110\u1eb7c t\u00ednh:C\u00f3 \u0111\u1ed9 \u0111\u00e0n h\u1ed3i r\u1ea5t caoGi\u1eef nguy\u00ean h\u00ecnh d\u00e1ng, t\u00ednh n\u0103ng sau khi gi\u1eb7tNh\u1eb9 v\u00e0 \u1ea5m\u1ee8ng d\u1ee5ng:\u00a0 D\u00f9ng trong Jacket, Ch\u0103n ga, G\u0103ng tay , T\u00fai ng\u1ee7Th\u00f4ng s\u1ed1 k\u1ef9 thu\u1eadt v\u00e0 \u0111\u00f3ng g\u00f3i:ABC Thermo HardABC-HardABC-HardABC-HardABC-HardABC-HardABC-HardABC-HardABC-HardABC-HardABC-HardABC-HardABC-HardABC-HardWeightgr\/m2406080100120140160180200220240260280Weight\u00a0%+-5Allowance\u00a0Composition0% PolyesterWidthInch60\"- 64\"Roll LengthYard1201007060504035353025252520","og_url":"https:\/\/abcbacninh.vn\/en\/product\/abc-thermo-h\/","og_site_name":"ABC B\u1eaeC NINH","article_modified_time":"2025-11-24T08:21:53+00:00","twitter_card":"summary_large_image","twitter_misc":{"Est. reading time":"1 minute"},"schema":{"@context":"https:\/\/schema.org","@graph":[{"@type":"WebPage","@id":"https:\/\/abcbacninh.vn\/en\/product\/abc-thermo-h\/","url":"https:\/\/abcbacninh.vn\/en\/product\/abc-thermo-h\/","name":"ABC Thermo-H","isPartOf":{"@id":"https:\/\/abcbacninh.vn\/en\/#website"},"primaryImageOfPage":{"@id":"https:\/\/abcbacninh.vn\/en\/product\/abc-thermo-h\/#primaryimage"},"image":{"@id":"https:\/\/abcbacninh.vn\/en\/product\/abc-thermo-h\/#primaryimage"},"thumbnailUrl":"https:\/\/pub-b2eddeeb92ae444d848d347a6b3a9fc5.r2.dev\/abc-bac-ninh\/file\/1763967142_692400a67488a.jpg","datePublished":"2025-11-18T08:18:00+00:00","dateModified":"2025-11-24T08:21:53+00:00","breadcrumb":{"@id":"https:\/\/abcbacninh.vn\/en\/product\/abc-thermo-h\/#breadcrumb"},"inLanguage":"en-US","potentialAction":[{"@type":"ReadAction","target":["https:\/\/abcbacninh.vn\/en\/product\/abc-thermo-h\/"]}]},{"@type":"ImageObject","inLanguage":"en-US","@id":"https:\/\/abcbacninh.vn\/en\/product\/abc-thermo-h\/#primaryimage","url":"https:\/\/pub-b2eddeeb92ae444d848d347a6b3a9fc5.r2.dev\/abc-bac-ninh\/file\/1763967142_692400a67488a.jpg","contentUrl":"https:\/\/pub-b2eddeeb92ae444d848d347a6b3a9fc5.r2.dev\/abc-bac-ninh\/file\/1763967142_692400a67488a.jpg","width":1670,"height":1215},{"@type":"BreadcrumbList","@id":"https:\/\/abcbacninh.vn\/en\/product\/abc-thermo-h\/#breadcrumb","itemListElement":[{"@type":"ListItem","position":1,"name":"Trang ch\u1ee7","item":"https:\/\/abcbacninh.vn\/en\/"},{"@type":"ListItem","position":2,"name":"Shop","item":"https:\/\/abcbacninh.vn\/cua-hang\/"},{"@type":"ListItem","position":3,"name":"ABC Thermo-H"}]},{"@type":"WebSite","@id":"https:\/\/abcbacninh.vn\/en\/#website","url":"https:\/\/abcbacninh.vn\/en\/","name":"ABC B\u1eaeC NINH","description":"","publisher":{"@id":"https:\/\/abcbacninh.vn\/en\/#organization"},"potentialAction":[{"@type":"SearchAction","target":{"@type":"EntryPoint","urlTemplate":"https:\/\/abcbacninh.vn\/en\/?s={search_term_string}"},"query-input":{"@type":"PropertyValueSpecification","valueRequired":true,"valueName":"search_term_string"}}],"inLanguage":"en-US"},{"@type":"Organization","@id":"https:\/\/abcbacninh.vn\/en\/#organization","name":"ABC B\u1eaeC NINH","url":"https:\/\/abcbacninh.vn\/en\/","logo":{"@type":"ImageObject","inLanguage":"en-US","@id":"https:\/\/abcbacninh.vn\/en\/#\/schema\/logo\/image\/","url":"https:\/\/placehold.co\/64x64","contentUrl":"https:\/\/placehold.co\/64x64","width":512,"height":512,"caption":"ABC B\u1eaeC NINH"},"image":{"@id":"https:\/\/abcbacninh.vn\/en\/#\/schema\/logo\/image\/"}}]}},"_links":{"self":[{"href":"https:\/\/abcbacninh.vn\/en\/wp-json\/wp\/v2\/product\/1304","targetHints":{"allow":["GET"]}}],"collection":[{"href":"https:\/\/abcbacninh.vn\/en\/wp-json\/wp\/v2\/product"}],"about":[{"href":"https:\/\/abcbacninh.vn\/en\/wp-json\/wp\/v2\/types\/product"}],"replies":[{"embeddable":true,"href":"https:\/\/abcbacninh.vn\/en\/wp-json\/wp\/v2\/comments?post=1304"}],"wp:featuredmedia":[{"embeddable":true,"href":"https:\/\/abcbacninh.vn\/en\/wp-json\/wp\/v2\/media\/1283"}],"wp:attachment":[{"href":"https:\/\/abcbacninh.vn\/en\/wp-json\/wp\/v2\/media?parent=1304"}],"wp:term":[{"taxonomy":"product_brand","embeddable":true,"href":"https:\/\/abcbacninh.vn\/en\/wp-json\/wp\/v2\/product_brand?post=1304"},{"taxonomy":"product_cat","embeddable":true,"href":"https:\/\/abcbacninh.vn\/en\/wp-json\/wp\/v2\/product_cat?post=1304"},{"taxonomy":"product_tag","embeddable":true,"href":"https:\/\/abcbacninh.vn\/en\/wp-json\/wp\/v2\/product_tag?post=1304"}],"curies":[{"name":"wp","href":"https:\/\/api.w.org\/{rel}","templated":true}]}}