
{"id":1297,"date":"2025-11-18T08:35:00","date_gmt":"2025-11-18T08:35:00","guid":{"rendered":"https:\/\/abc-bac-ninh.trueads.ai\/san-pham\/bong-chong-chay\/"},"modified":"2025-11-26T04:31:06","modified_gmt":"2025-11-26T04:31:06","slug":"firer-resistant","status":"publish","type":"product","link":"https:\/\/abcbacninh.vn\/en\/product\/firer-resistant\/","title":{"rendered":"Firer resistant"},"content":{"rendered":"<p><span style=\"font-weight: 400;\">\u0110\u01b0\u1ee3c l\u00e0m ch\u1ee7 y\u1ebfu t\u1eeb s\u1ee3i polyester r\u1ed7ng c\u00f3 silicon \u0111\u01b0\u1ee3c x\u1eed l\u00fd ch\u1ed1ng ch\u00e1y<\/span><\/p>\n<p><b>\u0110\u1eb7c t\u00ednh<\/b><span style=\"font-weight: 400;\">:<\/span><\/p>\n<ul>\n<li><span style=\"font-weight: 400;\">Ch\u1eadm ch\u00e1y v\u00e0 ch\u1ed1ng ch\u00e1y<\/span><\/li>\n<li><span style=\"font-weight: 400;\">C\u00f3 \u0111\u1ed9 \u0111\u00e0n h\u1ed3i t\u1ed1t<\/span><\/li>\n<li><span style=\"font-weight: 400;\">Nh\u1eb9 v\u00e0 \u1ea5m<\/span><\/li>\n<\/ul>\n<p><b>\u1ee8ng d\u1ee5ng: <\/b><span style=\"font-weight: 400;\">D\u00f9ng trong \u00e1o \u0111\u1ed3ng ph\u1ee5c , n\u1ed9i th\u1ea5t nh\u01b0 sofa<\/span><\/p>\n<p><b>Th\u00f4ng s\u1ed1 k\u1ef9 thu\u1eadt v\u00e0 \u0111\u00f3ng g\u00f3i:<\/b><\/p>\n<table>\n<tbody>\n<tr>\n<td colspan=\"2\"><b>Firer Resistant Padding<\/b><\/td>\n<td><b>FR<\/b><\/td>\n<td><b>FR<\/b><\/td>\n<td><b>FR<\/b><\/td>\n<td><b>FR<\/b><\/td>\n<td><b>FR<\/b><\/td>\n<td><b>FR<\/b><\/td>\n<td><b>FR<\/b><\/td>\n<td><b>FR<\/b><\/td>\n<td><b>FR<\/b><\/td>\n<td><b>FR<\/b><\/td>\n<td><b>FR<\/b><\/td>\n<td><b>FR<\/b><\/td>\n<td><b>FR<\/b><\/td>\n<\/tr>\n<tr>\n<td><b>Weight<\/b><\/td>\n<td><b>gr\/m2<\/b><\/td>\n<td><b>40<\/b><\/td>\n<td><b>60<\/b><\/td>\n<td><b>80<\/b><\/td>\n<td><b>100<\/b><\/td>\n<td><b>120<\/b><\/td>\n<td><b>140<\/b><\/td>\n<td><b>160<\/b><\/td>\n<td><b>180<\/b><\/td>\n<td><b>200<\/b><\/td>\n<td><b>220<\/b><\/td>\n<td><b>240<\/b><\/td>\n<td><b>260<\/b><\/td>\n<td><b>280<\/b><\/td>\n<\/tr>\n<tr>\n<td><b>Weight\u00a0<\/b><\/td>\n<td rowspan=\"2\"><b>%<\/b><\/td>\n<td colspan=\"14\" rowspan=\"2\"><b>+-5<\/b><\/td>\n<\/tr>\n<tr>\n<td><b>Allowance\u00a0<\/b><\/td>\n<\/tr>\n<tr>\n<td><b>Composition<\/b><\/td>\n<td><b>%<\/b><\/td>\n<td colspan=\"14\"><b>100% Polyester<\/b><\/td>\n<\/tr>\n<tr>\n<td><b>Width<\/b><\/td>\n<td><b>Inch<\/b><\/td>\n<td colspan=\"14\"><b>60&#8243;- 64&#8243;<\/b><\/td>\n<\/tr>\n<tr>\n<td><b>Roll Length<\/b><\/td>\n<td><b>Yard<\/b><\/td>\n<td><b>120<\/b><\/td>\n<td><b>100<\/b><\/td>\n<td><b>70<\/b><\/td>\n<td><b>60<\/b><\/td>\n<td><b>50<\/b><\/td>\n<td><b>40<\/b><\/td>\n<td><b>35<\/b><\/td>\n<td><b>35<\/b><\/td>\n<td><b>30<\/b><\/td>\n<td><b>25<\/b><\/td>\n<td><b>25<\/b><\/td>\n<td><b>25<\/b><\/td>\n<td><b>20<\/b><\/td>\n<\/tr>\n<\/tbody>\n<\/table>\n","protected":false},"excerpt":{"rendered":"<p><span style=\"font-weight: 400;\">\u0110\u01b0\u1ee3c l\u00e0m ch\u1ee7 y\u1ebfu t\u1eeb s\u1ee3i polyester r\u1ed7ng c\u00f3 silicon \u0111\u01b0\u1ee3c x\u1eed l\u00fd ch\u1ed1ng ch\u00e1y<\/span><\/p>\n<p><b>\u0110\u1eb7c t\u00ednh<\/b><span style=\"font-weight: 400;\">:<\/span><\/p>\n<ul>\n<li><span style=\"font-weight: 400;\">Ch\u1eadm ch\u00e1y v\u00e0 ch\u1ed1ng ch\u00e1y<\/span><\/li>\n<li><span style=\"font-weight: 400;\">C\u00f3 \u0111\u1ed9 \u0111\u00e0n h\u1ed3i t\u1ed1t<\/span><\/li>\n<li><span style=\"font-weight: 400;\">Nh\u1eb9 v\u00e0 \u1ea5m<\/span><\/li>\n<\/ul>\n<p><b>\u1ee8ng d\u1ee5ng: <\/b><span style=\"font-weight: 400;\">D\u00f9ng trong \u00e1o \u0111\u1ed3ng ph\u1ee5c , n\u1ed9i th\u1ea5t nh\u01b0 sofa<\/span><\/p>\n","protected":false},"featured_media":1325,"comment_status":"open","ping_status":"closed","template":"","meta":[],"product_brand":[],"product_cat":[47],"product_tag":[],"class_list":{"0":"post-1297","1":"product","2":"type-product","3":"status-publish","4":"has-post-thumbnail","6":"product_cat-padding","8":"first","9":"instock","10":"product-type-simple"},"yoast_head":"<!-- This site is optimized with the Yoast SEO plugin v24.2 - https:\/\/yoast.com\/wordpress\/plugins\/seo\/ -->\n<title>B\u00f4ng ch\u1ed1ng ch\u00e1y<\/title>\n<meta name=\"description\" content=\"\u0110\u01b0\u1ee3c l\u00e0m ch\u1ee7 y\u1ebfu t\u1eeb s\u1ee3i polyester r\u1ed7ng c\u00f3 silicon \u0111\u01b0\u1ee3c x\u1eed l\u00fd ch\u1ed1ng ch\u00e1y\u0110\u1eb7c t\u00ednh:Ch\u1eadm ch\u00e1y v\u00e0 ch\u1ed1ng ch\u00e1yC\u00f3 \u0111\u1ed9 \u0111\u00e0n h\u1ed3i t\u1ed1tNh\u1eb9 v\u00e0 \u1ea5m\u1ee8ng d\u1ee5ng: D\u00f9ng trong \u00e1o \u0111\u1ed3ng ph\u1ee5c , n\u1ed9i th\u1ea5t nh\u01b0 sofaTh\u00f4ng s\u1ed1 k\u1ef9 thu\u1eadt v\u00e0 \u0111\u00f3ng g\u00f3i:Firer Resistant PaddingFRFRFRFRFRFRFRFRFRFRFRFRFRWeightgr\/m2406080100120140160180200220240260280Weight\u00a0%+-5Allowance\u00a0Composition0% PolyesterWidthInch60&quot;- 64&quot;Roll LengthYard1201007060504035353025252520\" \/>\n<meta name=\"robots\" content=\"index, follow, max-snippet:-1, max-image-preview:large, max-video-preview:-1\" \/>\n<link rel=\"canonical\" href=\"https:\/\/abcbacninh.vn\/en\/product\/firer-resistant\/\" \/>\n<meta property=\"og:locale\" content=\"en_US\" \/>\n<meta property=\"og:type\" content=\"article\" \/>\n<meta property=\"og:title\" content=\"B\u00f4ng ch\u1ed1ng ch\u00e1y\" \/>\n<meta property=\"og:description\" content=\"\u0110\u01b0\u1ee3c l\u00e0m ch\u1ee7 y\u1ebfu t\u1eeb s\u1ee3i polyester r\u1ed7ng c\u00f3 silicon \u0111\u01b0\u1ee3c x\u1eed l\u00fd ch\u1ed1ng ch\u00e1y\u0110\u1eb7c t\u00ednh:Ch\u1eadm ch\u00e1y v\u00e0 ch\u1ed1ng ch\u00e1yC\u00f3 \u0111\u1ed9 \u0111\u00e0n h\u1ed3i t\u1ed1tNh\u1eb9 v\u00e0 \u1ea5m\u1ee8ng d\u1ee5ng: D\u00f9ng trong \u00e1o \u0111\u1ed3ng ph\u1ee5c , n\u1ed9i th\u1ea5t nh\u01b0 sofaTh\u00f4ng s\u1ed1 k\u1ef9 thu\u1eadt v\u00e0 \u0111\u00f3ng g\u00f3i:Firer Resistant PaddingFRFRFRFRFRFRFRFRFRFRFRFRFRWeightgr\/m2406080100120140160180200220240260280Weight\u00a0%+-5Allowance\u00a0Composition0% PolyesterWidthInch60&quot;- 64&quot;Roll LengthYard1201007060504035353025252520\" \/>\n<meta property=\"og:url\" content=\"https:\/\/abcbacninh.vn\/en\/product\/firer-resistant\/\" \/>\n<meta property=\"og:site_name\" content=\"ABC B\u1eaeC NINH\" \/>\n<meta property=\"article:modified_time\" content=\"2025-11-26T04:31:06+00:00\" \/>\n<meta property=\"og:image\" content=\"https:\/\/pub-b2eddeeb92ae444d848d347a6b3a9fc5.r2.dev\/abc-bac-ninh\/file\/1761200338_68f9c8d2338af.jpg\" \/>\n<meta name=\"twitter:card\" content=\"summary_large_image\" \/>\n<meta name=\"twitter:label1\" content=\"Est. reading time\" \/>\n\t<meta name=\"twitter:data1\" content=\"1 minute\" \/>\n<script type=\"application\/ld+json\" class=\"yoast-schema-graph\">{\"@context\":\"https:\/\/schema.org\",\"@graph\":[{\"@type\":\"WebPage\",\"@id\":\"https:\/\/abcbacninh.vn\/en\/product\/firer-resistant\/\",\"url\":\"https:\/\/abcbacninh.vn\/en\/product\/firer-resistant\/\",\"name\":\"B\u00f4ng ch\u1ed1ng ch\u00e1y\",\"isPartOf\":{\"@id\":\"https:\/\/abcbacninh.vn\/en\/#website\"},\"primaryImageOfPage\":{\"@id\":\"https:\/\/abcbacninh.vn\/en\/product\/firer-resistant\/#primaryimage\"},\"image\":{\"@id\":\"https:\/\/abcbacninh.vn\/en\/product\/firer-resistant\/#primaryimage\"},\"thumbnailUrl\":\"https:\/\/pub-b2eddeeb92ae444d848d347a6b3a9fc5.r2.dev\/abc-bac-ninh\/file\/1764129895_69267c671b069.jpg\",\"datePublished\":\"2025-11-18T08:35:00+00:00\",\"dateModified\":\"2025-11-26T04:31:06+00:00\",\"description\":\"\u0110\u01b0\u1ee3c l\u00e0m ch\u1ee7 y\u1ebfu t\u1eeb s\u1ee3i polyester r\u1ed7ng c\u00f3 silicon \u0111\u01b0\u1ee3c x\u1eed l\u00fd ch\u1ed1ng ch\u00e1y\u0110\u1eb7c t\u00ednh:Ch\u1eadm ch\u00e1y v\u00e0 ch\u1ed1ng ch\u00e1yC\u00f3 \u0111\u1ed9 \u0111\u00e0n h\u1ed3i t\u1ed1tNh\u1eb9 v\u00e0 \u1ea5m\u1ee8ng d\u1ee5ng: D\u00f9ng trong \u00e1o \u0111\u1ed3ng ph\u1ee5c , n\u1ed9i th\u1ea5t nh\u01b0 sofaTh\u00f4ng s\u1ed1 k\u1ef9 thu\u1eadt v\u00e0 \u0111\u00f3ng g\u00f3i:Firer Resistant PaddingFRFRFRFRFRFRFRFRFRFRFRFRFRWeightgr\/m2406080100120140160180200220240260280Weight\u00a0%+-5Allowance\u00a0Composition0% PolyesterWidthInch60\\\"- 64\\\"Roll LengthYard1201007060504035353025252520\",\"breadcrumb\":{\"@id\":\"https:\/\/abcbacninh.vn\/en\/product\/firer-resistant\/#breadcrumb\"},\"inLanguage\":\"en-US\",\"potentialAction\":[{\"@type\":\"ReadAction\",\"target\":[\"https:\/\/abcbacninh.vn\/en\/product\/firer-resistant\/\"]}]},{\"@type\":\"ImageObject\",\"inLanguage\":\"en-US\",\"@id\":\"https:\/\/abcbacninh.vn\/en\/product\/firer-resistant\/#primaryimage\",\"url\":\"https:\/\/pub-b2eddeeb92ae444d848d347a6b3a9fc5.r2.dev\/abc-bac-ninh\/file\/1764129895_69267c671b069.jpg\",\"contentUrl\":\"https:\/\/pub-b2eddeeb92ae444d848d347a6b3a9fc5.r2.dev\/abc-bac-ninh\/file\/1764129895_69267c671b069.jpg\",\"width\":996,\"height\":771},{\"@type\":\"BreadcrumbList\",\"@id\":\"https:\/\/abcbacninh.vn\/en\/product\/firer-resistant\/#breadcrumb\",\"itemListElement\":[{\"@type\":\"ListItem\",\"position\":1,\"name\":\"Trang ch\u1ee7\",\"item\":\"https:\/\/abcbacninh.vn\/en\/\"},{\"@type\":\"ListItem\",\"position\":2,\"name\":\"Shop\",\"item\":\"https:\/\/abcbacninh.vn\/cua-hang\/\"},{\"@type\":\"ListItem\",\"position\":3,\"name\":\"Firer resistant\"}]},{\"@type\":\"WebSite\",\"@id\":\"https:\/\/abcbacninh.vn\/en\/#website\",\"url\":\"https:\/\/abcbacninh.vn\/en\/\",\"name\":\"ABC B\u1eaeC NINH\",\"description\":\"\",\"publisher\":{\"@id\":\"https:\/\/abcbacninh.vn\/en\/#organization\"},\"potentialAction\":[{\"@type\":\"SearchAction\",\"target\":{\"@type\":\"EntryPoint\",\"urlTemplate\":\"https:\/\/abcbacninh.vn\/en\/?s={search_term_string}\"},\"query-input\":{\"@type\":\"PropertyValueSpecification\",\"valueRequired\":true,\"valueName\":\"search_term_string\"}}],\"inLanguage\":\"en-US\"},{\"@type\":\"Organization\",\"@id\":\"https:\/\/abcbacninh.vn\/en\/#organization\",\"name\":\"ABC B\u1eaeC NINH\",\"url\":\"https:\/\/abcbacninh.vn\/en\/\",\"logo\":{\"@type\":\"ImageObject\",\"inLanguage\":\"en-US\",\"@id\":\"https:\/\/abcbacninh.vn\/en\/#\/schema\/logo\/image\/\",\"url\":\"https:\/\/placehold.co\/64x64\",\"contentUrl\":\"https:\/\/placehold.co\/64x64\",\"width\":512,\"height\":512,\"caption\":\"ABC B\u1eaeC NINH\"},\"image\":{\"@id\":\"https:\/\/abcbacninh.vn\/en\/#\/schema\/logo\/image\/\"}}]}<\/script>\n<!-- \/ Yoast SEO plugin. -->","yoast_head_json":{"title":"B\u00f4ng ch\u1ed1ng ch\u00e1y","description":"\u0110\u01b0\u1ee3c l\u00e0m ch\u1ee7 y\u1ebfu t\u1eeb s\u1ee3i polyester r\u1ed7ng c\u00f3 silicon \u0111\u01b0\u1ee3c x\u1eed l\u00fd ch\u1ed1ng ch\u00e1y\u0110\u1eb7c t\u00ednh:Ch\u1eadm ch\u00e1y v\u00e0 ch\u1ed1ng ch\u00e1yC\u00f3 \u0111\u1ed9 \u0111\u00e0n h\u1ed3i t\u1ed1tNh\u1eb9 v\u00e0 \u1ea5m\u1ee8ng d\u1ee5ng: D\u00f9ng trong \u00e1o \u0111\u1ed3ng ph\u1ee5c , n\u1ed9i th\u1ea5t nh\u01b0 sofaTh\u00f4ng s\u1ed1 k\u1ef9 thu\u1eadt v\u00e0 \u0111\u00f3ng g\u00f3i:Firer Resistant PaddingFRFRFRFRFRFRFRFRFRFRFRFRFRWeightgr\/m2406080100120140160180200220240260280Weight\u00a0%+-5Allowance\u00a0Composition0% PolyesterWidthInch60\"- 64\"Roll LengthYard1201007060504035353025252520","robots":{"index":"index","follow":"follow","max-snippet":"max-snippet:-1","max-image-preview":"max-image-preview:large","max-video-preview":"max-video-preview:-1"},"canonical":"https:\/\/abcbacninh.vn\/en\/product\/firer-resistant\/","og_locale":"en_US","og_type":"article","og_title":"B\u00f4ng ch\u1ed1ng ch\u00e1y","og_description":"\u0110\u01b0\u1ee3c l\u00e0m ch\u1ee7 y\u1ebfu t\u1eeb s\u1ee3i polyester r\u1ed7ng c\u00f3 silicon \u0111\u01b0\u1ee3c x\u1eed l\u00fd ch\u1ed1ng ch\u00e1y\u0110\u1eb7c t\u00ednh:Ch\u1eadm ch\u00e1y v\u00e0 ch\u1ed1ng ch\u00e1yC\u00f3 \u0111\u1ed9 \u0111\u00e0n h\u1ed3i t\u1ed1tNh\u1eb9 v\u00e0 \u1ea5m\u1ee8ng d\u1ee5ng: D\u00f9ng trong \u00e1o \u0111\u1ed3ng ph\u1ee5c , n\u1ed9i th\u1ea5t nh\u01b0 sofaTh\u00f4ng s\u1ed1 k\u1ef9 thu\u1eadt v\u00e0 \u0111\u00f3ng g\u00f3i:Firer Resistant PaddingFRFRFRFRFRFRFRFRFRFRFRFRFRWeightgr\/m2406080100120140160180200220240260280Weight\u00a0%+-5Allowance\u00a0Composition0% PolyesterWidthInch60\"- 64\"Roll LengthYard1201007060504035353025252520","og_url":"https:\/\/abcbacninh.vn\/en\/product\/firer-resistant\/","og_site_name":"ABC B\u1eaeC NINH","article_modified_time":"2025-11-26T04:31:06+00:00","og_image":[{"url":"https:\/\/pub-b2eddeeb92ae444d848d347a6b3a9fc5.r2.dev\/abc-bac-ninh\/file\/1761200338_68f9c8d2338af.jpg","type":"","width":"","height":""}],"twitter_card":"summary_large_image","twitter_misc":{"Est. reading time":"1 minute"},"schema":{"@context":"https:\/\/schema.org","@graph":[{"@type":"WebPage","@id":"https:\/\/abcbacninh.vn\/en\/product\/firer-resistant\/","url":"https:\/\/abcbacninh.vn\/en\/product\/firer-resistant\/","name":"B\u00f4ng ch\u1ed1ng ch\u00e1y","isPartOf":{"@id":"https:\/\/abcbacninh.vn\/en\/#website"},"primaryImageOfPage":{"@id":"https:\/\/abcbacninh.vn\/en\/product\/firer-resistant\/#primaryimage"},"image":{"@id":"https:\/\/abcbacninh.vn\/en\/product\/firer-resistant\/#primaryimage"},"thumbnailUrl":"https:\/\/pub-b2eddeeb92ae444d848d347a6b3a9fc5.r2.dev\/abc-bac-ninh\/file\/1764129895_69267c671b069.jpg","datePublished":"2025-11-18T08:35:00+00:00","dateModified":"2025-11-26T04:31:06+00:00","description":"\u0110\u01b0\u1ee3c l\u00e0m ch\u1ee7 y\u1ebfu t\u1eeb s\u1ee3i polyester r\u1ed7ng c\u00f3 silicon \u0111\u01b0\u1ee3c x\u1eed l\u00fd ch\u1ed1ng ch\u00e1y\u0110\u1eb7c t\u00ednh:Ch\u1eadm ch\u00e1y v\u00e0 ch\u1ed1ng ch\u00e1yC\u00f3 \u0111\u1ed9 \u0111\u00e0n h\u1ed3i t\u1ed1tNh\u1eb9 v\u00e0 \u1ea5m\u1ee8ng d\u1ee5ng: D\u00f9ng trong \u00e1o \u0111\u1ed3ng ph\u1ee5c , n\u1ed9i th\u1ea5t nh\u01b0 sofaTh\u00f4ng s\u1ed1 k\u1ef9 thu\u1eadt v\u00e0 \u0111\u00f3ng g\u00f3i:Firer Resistant PaddingFRFRFRFRFRFRFRFRFRFRFRFRFRWeightgr\/m2406080100120140160180200220240260280Weight\u00a0%+-5Allowance\u00a0Composition0% PolyesterWidthInch60\"- 64\"Roll LengthYard1201007060504035353025252520","breadcrumb":{"@id":"https:\/\/abcbacninh.vn\/en\/product\/firer-resistant\/#breadcrumb"},"inLanguage":"en-US","potentialAction":[{"@type":"ReadAction","target":["https:\/\/abcbacninh.vn\/en\/product\/firer-resistant\/"]}]},{"@type":"ImageObject","inLanguage":"en-US","@id":"https:\/\/abcbacninh.vn\/en\/product\/firer-resistant\/#primaryimage","url":"https:\/\/pub-b2eddeeb92ae444d848d347a6b3a9fc5.r2.dev\/abc-bac-ninh\/file\/1764129895_69267c671b069.jpg","contentUrl":"https:\/\/pub-b2eddeeb92ae444d848d347a6b3a9fc5.r2.dev\/abc-bac-ninh\/file\/1764129895_69267c671b069.jpg","width":996,"height":771},{"@type":"BreadcrumbList","@id":"https:\/\/abcbacninh.vn\/en\/product\/firer-resistant\/#breadcrumb","itemListElement":[{"@type":"ListItem","position":1,"name":"Trang ch\u1ee7","item":"https:\/\/abcbacninh.vn\/en\/"},{"@type":"ListItem","position":2,"name":"Shop","item":"https:\/\/abcbacninh.vn\/cua-hang\/"},{"@type":"ListItem","position":3,"name":"Firer resistant"}]},{"@type":"WebSite","@id":"https:\/\/abcbacninh.vn\/en\/#website","url":"https:\/\/abcbacninh.vn\/en\/","name":"ABC B\u1eaeC NINH","description":"","publisher":{"@id":"https:\/\/abcbacninh.vn\/en\/#organization"},"potentialAction":[{"@type":"SearchAction","target":{"@type":"EntryPoint","urlTemplate":"https:\/\/abcbacninh.vn\/en\/?s={search_term_string}"},"query-input":{"@type":"PropertyValueSpecification","valueRequired":true,"valueName":"search_term_string"}}],"inLanguage":"en-US"},{"@type":"Organization","@id":"https:\/\/abcbacninh.vn\/en\/#organization","name":"ABC B\u1eaeC NINH","url":"https:\/\/abcbacninh.vn\/en\/","logo":{"@type":"ImageObject","inLanguage":"en-US","@id":"https:\/\/abcbacninh.vn\/en\/#\/schema\/logo\/image\/","url":"https:\/\/placehold.co\/64x64","contentUrl":"https:\/\/placehold.co\/64x64","width":512,"height":512,"caption":"ABC B\u1eaeC NINH"},"image":{"@id":"https:\/\/abcbacninh.vn\/en\/#\/schema\/logo\/image\/"}}]}},"_links":{"self":[{"href":"https:\/\/abcbacninh.vn\/en\/wp-json\/wp\/v2\/product\/1297","targetHints":{"allow":["GET"]}}],"collection":[{"href":"https:\/\/abcbacninh.vn\/en\/wp-json\/wp\/v2\/product"}],"about":[{"href":"https:\/\/abcbacninh.vn\/en\/wp-json\/wp\/v2\/types\/product"}],"replies":[{"embeddable":true,"href":"https:\/\/abcbacninh.vn\/en\/wp-json\/wp\/v2\/comments?post=1297"}],"wp:featuredmedia":[{"embeddable":true,"href":"https:\/\/abcbacninh.vn\/en\/wp-json\/wp\/v2\/media\/1325"}],"wp:attachment":[{"href":"https:\/\/abcbacninh.vn\/en\/wp-json\/wp\/v2\/media?parent=1297"}],"wp:term":[{"taxonomy":"product_brand","embeddable":true,"href":"https:\/\/abcbacninh.vn\/en\/wp-json\/wp\/v2\/product_brand?post=1297"},{"taxonomy":"product_cat","embeddable":true,"href":"https:\/\/abcbacninh.vn\/en\/wp-json\/wp\/v2\/product_cat?post=1297"},{"taxonomy":"product_tag","embeddable":true,"href":"https:\/\/abcbacninh.vn\/en\/wp-json\/wp\/v2\/product_tag?post=1297"}],"curies":[{"name":"wp","href":"https:\/\/api.w.org\/{rel}","templated":true}]}}