
{"id":1292,"date":"2025-11-18T08:40:00","date_gmt":"2025-11-18T08:40:00","guid":{"rendered":"https:\/\/abc-bac-ninh.trueads.ai\/san-pham\/bong-toi-abc-wellon-0-9d\/"},"modified":"2025-12-11T02:16:07","modified_gmt":"2025-12-11T02:16:07","slug":"abc-wellon-0-9d","status":"publish","type":"product","link":"https:\/\/abcbacninh.vn\/en\/product\/abc-wellon-0-9d\/","title":{"rendered":"ABC WELLON: 0.9D"},"content":{"rendered":"<p><span style=\"font-weight: 400;\">\u0110\u01b0\u1ee3c l\u00e0m t\u1eeb s\u1ee3i polyester t\u00e1i sinh 0.9D c\u00f3 silicon.<\/span><\/p>\n<p><span style=\"font-weight: 400;\">\u0110\u00e2y l\u00e0 s\u1ea3n ph\u1ea9m th\u00e2n thi\u1ec7n m\u00f4i tr\u01b0\u1eddng<\/span><\/p>\n<p><b>\u0110\u1eb7c t\u00ednh:<\/b><\/p>\n<ul>\n<li><span style=\"font-weight: 400;\">M\u1ec1m m\u01b0\u1ee3t\u00a0<\/span><\/li>\n<li><span style=\"font-weight: 400;\">Nhe v\u00e0 \u1ea5m<\/span><\/li>\n<\/ul>\n<p><b>\u1ee8ng d\u1ee5ng: <\/b><span style=\"font-weight: 400;\">D\u00f9ng trong<\/span> <span style=\"font-weight: 400;\">Jacket, G\u1ed1i trang tr\u00ed, G\u1ed1i \u0111\u1ea7u, T\u00fai ng\u1ee7<\/span><\/p>\n","protected":false},"excerpt":{"rendered":"<p><span style=\"font-weight: 400;\">\u0110\u01b0\u1ee3c l\u00e0m t\u1eeb s\u1ee3i polyester t\u00e1i sinh 0.9D c\u00f3 silicon.<\/span><\/p>\n<p><span style=\"font-weight: 400;\">\u0110\u00e2y l\u00e0 s\u1ea3n ph\u1ea9m th\u00e2n thi\u1ec7n m\u00f4i tr\u01b0\u1eddng<\/span><\/p>\n<p><b>\u0110\u1eb7c t\u00ednh:<\/b><\/p>\n<ul>\n<li><span style=\"font-weight: 400;\">M\u1ec1m m\u01b0\u1ee3t\u00a0<\/span><\/li>\n<li><span style=\"font-weight: 400;\">Nhe v\u00e0 \u1ea5m<\/span><\/li>\n<\/ul>\n<p><b>\u1ee8ng d\u1ee5ng: <\/b><span style=\"font-weight: 400;\">D\u00f9ng trong<\/span> <span style=\"font-weight: 400;\">Jacket, G\u1ed1i trang tr\u00ed, G\u1ed1i \u0111\u1ea7u, T\u00fai ng\u1ee7<\/span><\/p>\n","protected":false},"featured_media":1357,"comment_status":"open","ping_status":"closed","template":"","meta":[],"product_brand":[],"product_cat":[47],"product_tag":[],"class_list":{"0":"post-1292","1":"product","2":"type-product","3":"status-publish","4":"has-post-thumbnail","6":"product_cat-padding","8":"first","9":"instock","10":"product-type-simple"},"yoast_head":"<!-- This site is optimized with the Yoast SEO plugin v24.2 - https:\/\/yoast.com\/wordpress\/plugins\/seo\/ -->\n<title>B\u00f4ng t\u01a1i ABC WELLON: 0.9D<\/title>\n<meta name=\"description\" content=\"\u0110\u01b0\u1ee3c l\u00e0m t\u1eeb s\u1ee3i polyester t\u00e1i sinh 0.9D c\u00f3 silicon.\u0110\u00e2y l\u00e0 s\u1ea3n ph\u1ea9m th\u00e2n thi\u1ec7n m\u00f4i tr\u01b0\u1eddng\u0110\u1eb7c t\u00ednh:M\u1ec1m m\u01b0\u1ee3t\u00a0Nhe v\u00e0 \u1ea5m\u1ee8ng d\u1ee5ng: D\u00f9ng trong Jacket, G\u1ed1i trang tr\u00ed, G\u1ed1i \u0111\u1ea7u, T\u00fai ng\u1ee7\" \/>\n<meta name=\"robots\" content=\"index, follow, max-snippet:-1, max-image-preview:large, max-video-preview:-1\" \/>\n<link rel=\"canonical\" href=\"https:\/\/abcbacninh.vn\/en\/product\/abc-wellon-0-9d\/\" \/>\n<meta property=\"og:locale\" content=\"en_US\" \/>\n<meta property=\"og:type\" content=\"article\" \/>\n<meta property=\"og:title\" content=\"B\u00f4ng t\u01a1i ABC WELLON: 0.9D\" \/>\n<meta property=\"og:description\" content=\"\u0110\u01b0\u1ee3c l\u00e0m t\u1eeb s\u1ee3i polyester t\u00e1i sinh 0.9D c\u00f3 silicon.\u0110\u00e2y l\u00e0 s\u1ea3n ph\u1ea9m th\u00e2n thi\u1ec7n m\u00f4i tr\u01b0\u1eddng\u0110\u1eb7c t\u00ednh:M\u1ec1m m\u01b0\u1ee3t\u00a0Nhe v\u00e0 \u1ea5m\u1ee8ng d\u1ee5ng: D\u00f9ng trong Jacket, G\u1ed1i trang tr\u00ed, G\u1ed1i \u0111\u1ea7u, T\u00fai ng\u1ee7\" \/>\n<meta property=\"og:url\" content=\"https:\/\/abcbacninh.vn\/en\/product\/abc-wellon-0-9d\/\" \/>\n<meta property=\"og:site_name\" content=\"ABC B\u1eaeC NINH\" \/>\n<meta property=\"article:modified_time\" content=\"2025-12-11T02:16:07+00:00\" \/>\n<meta property=\"og:image\" content=\"https:\/\/pub-b2eddeeb92ae444d848d347a6b3a9fc5.r2.dev\/abc-bac-ninh\/file\/1761200338_68f9c8d2338af.jpg\" \/>\n<meta name=\"twitter:card\" content=\"summary_large_image\" \/>\n<meta name=\"twitter:label1\" content=\"Est. reading time\" \/>\n\t<meta name=\"twitter:data1\" content=\"1 minute\" \/>\n<script type=\"application\/ld+json\" class=\"yoast-schema-graph\">{\"@context\":\"https:\/\/schema.org\",\"@graph\":[{\"@type\":\"WebPage\",\"@id\":\"https:\/\/abcbacninh.vn\/en\/product\/abc-wellon-0-9d\/\",\"url\":\"https:\/\/abcbacninh.vn\/en\/product\/abc-wellon-0-9d\/\",\"name\":\"B\u00f4ng t\u01a1i ABC WELLON: 0.9D\",\"isPartOf\":{\"@id\":\"https:\/\/abcbacninh.vn\/en\/#website\"},\"primaryImageOfPage\":{\"@id\":\"https:\/\/abcbacninh.vn\/en\/product\/abc-wellon-0-9d\/#primaryimage\"},\"image\":{\"@id\":\"https:\/\/abcbacninh.vn\/en\/product\/abc-wellon-0-9d\/#primaryimage\"},\"thumbnailUrl\":\"https:\/\/pub-b2eddeeb92ae444d848d347a6b3a9fc5.r2.dev\/abc-bac-ninh\/file\/1765418161_693a24b1b7cc8.jpg\",\"datePublished\":\"2025-11-18T08:40:00+00:00\",\"dateModified\":\"2025-12-11T02:16:07+00:00\",\"description\":\"\u0110\u01b0\u1ee3c l\u00e0m t\u1eeb s\u1ee3i polyester t\u00e1i sinh 0.9D c\u00f3 silicon.\u0110\u00e2y l\u00e0 s\u1ea3n ph\u1ea9m th\u00e2n thi\u1ec7n m\u00f4i tr\u01b0\u1eddng\u0110\u1eb7c t\u00ednh:M\u1ec1m m\u01b0\u1ee3t\u00a0Nhe v\u00e0 \u1ea5m\u1ee8ng d\u1ee5ng: D\u00f9ng trong Jacket, G\u1ed1i trang tr\u00ed, G\u1ed1i \u0111\u1ea7u, T\u00fai ng\u1ee7\",\"breadcrumb\":{\"@id\":\"https:\/\/abcbacninh.vn\/en\/product\/abc-wellon-0-9d\/#breadcrumb\"},\"inLanguage\":\"en-US\",\"potentialAction\":[{\"@type\":\"ReadAction\",\"target\":[\"https:\/\/abcbacninh.vn\/en\/product\/abc-wellon-0-9d\/\"]}]},{\"@type\":\"ImageObject\",\"inLanguage\":\"en-US\",\"@id\":\"https:\/\/abcbacninh.vn\/en\/product\/abc-wellon-0-9d\/#primaryimage\",\"url\":\"https:\/\/pub-b2eddeeb92ae444d848d347a6b3a9fc5.r2.dev\/abc-bac-ninh\/file\/1765418161_693a24b1b7cc8.jpg\",\"contentUrl\":\"https:\/\/pub-b2eddeeb92ae444d848d347a6b3a9fc5.r2.dev\/abc-bac-ninh\/file\/1765418161_693a24b1b7cc8.jpg\",\"width\":5616,\"height\":3744},{\"@type\":\"BreadcrumbList\",\"@id\":\"https:\/\/abcbacninh.vn\/en\/product\/abc-wellon-0-9d\/#breadcrumb\",\"itemListElement\":[{\"@type\":\"ListItem\",\"position\":1,\"name\":\"Trang ch\u1ee7\",\"item\":\"https:\/\/abcbacninh.vn\/en\/\"},{\"@type\":\"ListItem\",\"position\":2,\"name\":\"Shop\",\"item\":\"https:\/\/abcbacninh.vn\/cua-hang\/\"},{\"@type\":\"ListItem\",\"position\":3,\"name\":\"ABC WELLON: 0.9D\"}]},{\"@type\":\"WebSite\",\"@id\":\"https:\/\/abcbacninh.vn\/en\/#website\",\"url\":\"https:\/\/abcbacninh.vn\/en\/\",\"name\":\"ABC B\u1eaeC NINH\",\"description\":\"\",\"publisher\":{\"@id\":\"https:\/\/abcbacninh.vn\/en\/#organization\"},\"potentialAction\":[{\"@type\":\"SearchAction\",\"target\":{\"@type\":\"EntryPoint\",\"urlTemplate\":\"https:\/\/abcbacninh.vn\/en\/?s={search_term_string}\"},\"query-input\":{\"@type\":\"PropertyValueSpecification\",\"valueRequired\":true,\"valueName\":\"search_term_string\"}}],\"inLanguage\":\"en-US\"},{\"@type\":\"Organization\",\"@id\":\"https:\/\/abcbacninh.vn\/en\/#organization\",\"name\":\"ABC B\u1eaeC NINH\",\"url\":\"https:\/\/abcbacninh.vn\/en\/\",\"logo\":{\"@type\":\"ImageObject\",\"inLanguage\":\"en-US\",\"@id\":\"https:\/\/abcbacninh.vn\/en\/#\/schema\/logo\/image\/\",\"url\":\"https:\/\/placehold.co\/64x64\",\"contentUrl\":\"https:\/\/placehold.co\/64x64\",\"width\":512,\"height\":512,\"caption\":\"ABC B\u1eaeC NINH\"},\"image\":{\"@id\":\"https:\/\/abcbacninh.vn\/en\/#\/schema\/logo\/image\/\"}}]}<\/script>\n<!-- \/ Yoast SEO plugin. -->","yoast_head_json":{"title":"B\u00f4ng t\u01a1i ABC WELLON: 0.9D","description":"\u0110\u01b0\u1ee3c l\u00e0m t\u1eeb s\u1ee3i polyester t\u00e1i sinh 0.9D c\u00f3 silicon.\u0110\u00e2y l\u00e0 s\u1ea3n ph\u1ea9m th\u00e2n thi\u1ec7n m\u00f4i tr\u01b0\u1eddng\u0110\u1eb7c t\u00ednh:M\u1ec1m m\u01b0\u1ee3t\u00a0Nhe v\u00e0 \u1ea5m\u1ee8ng d\u1ee5ng: D\u00f9ng trong Jacket, G\u1ed1i trang tr\u00ed, G\u1ed1i \u0111\u1ea7u, T\u00fai ng\u1ee7","robots":{"index":"index","follow":"follow","max-snippet":"max-snippet:-1","max-image-preview":"max-image-preview:large","max-video-preview":"max-video-preview:-1"},"canonical":"https:\/\/abcbacninh.vn\/en\/product\/abc-wellon-0-9d\/","og_locale":"en_US","og_type":"article","og_title":"B\u00f4ng t\u01a1i ABC WELLON: 0.9D","og_description":"\u0110\u01b0\u1ee3c l\u00e0m t\u1eeb s\u1ee3i polyester t\u00e1i sinh 0.9D c\u00f3 silicon.\u0110\u00e2y l\u00e0 s\u1ea3n ph\u1ea9m th\u00e2n thi\u1ec7n m\u00f4i tr\u01b0\u1eddng\u0110\u1eb7c t\u00ednh:M\u1ec1m m\u01b0\u1ee3t\u00a0Nhe v\u00e0 \u1ea5m\u1ee8ng d\u1ee5ng: D\u00f9ng trong Jacket, G\u1ed1i trang tr\u00ed, G\u1ed1i \u0111\u1ea7u, T\u00fai ng\u1ee7","og_url":"https:\/\/abcbacninh.vn\/en\/product\/abc-wellon-0-9d\/","og_site_name":"ABC B\u1eaeC NINH","article_modified_time":"2025-12-11T02:16:07+00:00","og_image":[{"url":"https:\/\/pub-b2eddeeb92ae444d848d347a6b3a9fc5.r2.dev\/abc-bac-ninh\/file\/1761200338_68f9c8d2338af.jpg","type":"","width":"","height":""}],"twitter_card":"summary_large_image","twitter_misc":{"Est. reading time":"1 minute"},"schema":{"@context":"https:\/\/schema.org","@graph":[{"@type":"WebPage","@id":"https:\/\/abcbacninh.vn\/en\/product\/abc-wellon-0-9d\/","url":"https:\/\/abcbacninh.vn\/en\/product\/abc-wellon-0-9d\/","name":"B\u00f4ng t\u01a1i ABC WELLON: 0.9D","isPartOf":{"@id":"https:\/\/abcbacninh.vn\/en\/#website"},"primaryImageOfPage":{"@id":"https:\/\/abcbacninh.vn\/en\/product\/abc-wellon-0-9d\/#primaryimage"},"image":{"@id":"https:\/\/abcbacninh.vn\/en\/product\/abc-wellon-0-9d\/#primaryimage"},"thumbnailUrl":"https:\/\/pub-b2eddeeb92ae444d848d347a6b3a9fc5.r2.dev\/abc-bac-ninh\/file\/1765418161_693a24b1b7cc8.jpg","datePublished":"2025-11-18T08:40:00+00:00","dateModified":"2025-12-11T02:16:07+00:00","description":"\u0110\u01b0\u1ee3c l\u00e0m t\u1eeb s\u1ee3i polyester t\u00e1i sinh 0.9D c\u00f3 silicon.\u0110\u00e2y l\u00e0 s\u1ea3n ph\u1ea9m th\u00e2n thi\u1ec7n m\u00f4i tr\u01b0\u1eddng\u0110\u1eb7c t\u00ednh:M\u1ec1m m\u01b0\u1ee3t\u00a0Nhe v\u00e0 \u1ea5m\u1ee8ng d\u1ee5ng: D\u00f9ng trong Jacket, G\u1ed1i trang tr\u00ed, G\u1ed1i \u0111\u1ea7u, T\u00fai ng\u1ee7","breadcrumb":{"@id":"https:\/\/abcbacninh.vn\/en\/product\/abc-wellon-0-9d\/#breadcrumb"},"inLanguage":"en-US","potentialAction":[{"@type":"ReadAction","target":["https:\/\/abcbacninh.vn\/en\/product\/abc-wellon-0-9d\/"]}]},{"@type":"ImageObject","inLanguage":"en-US","@id":"https:\/\/abcbacninh.vn\/en\/product\/abc-wellon-0-9d\/#primaryimage","url":"https:\/\/pub-b2eddeeb92ae444d848d347a6b3a9fc5.r2.dev\/abc-bac-ninh\/file\/1765418161_693a24b1b7cc8.jpg","contentUrl":"https:\/\/pub-b2eddeeb92ae444d848d347a6b3a9fc5.r2.dev\/abc-bac-ninh\/file\/1765418161_693a24b1b7cc8.jpg","width":5616,"height":3744},{"@type":"BreadcrumbList","@id":"https:\/\/abcbacninh.vn\/en\/product\/abc-wellon-0-9d\/#breadcrumb","itemListElement":[{"@type":"ListItem","position":1,"name":"Trang ch\u1ee7","item":"https:\/\/abcbacninh.vn\/en\/"},{"@type":"ListItem","position":2,"name":"Shop","item":"https:\/\/abcbacninh.vn\/cua-hang\/"},{"@type":"ListItem","position":3,"name":"ABC WELLON: 0.9D"}]},{"@type":"WebSite","@id":"https:\/\/abcbacninh.vn\/en\/#website","url":"https:\/\/abcbacninh.vn\/en\/","name":"ABC B\u1eaeC NINH","description":"","publisher":{"@id":"https:\/\/abcbacninh.vn\/en\/#organization"},"potentialAction":[{"@type":"SearchAction","target":{"@type":"EntryPoint","urlTemplate":"https:\/\/abcbacninh.vn\/en\/?s={search_term_string}"},"query-input":{"@type":"PropertyValueSpecification","valueRequired":true,"valueName":"search_term_string"}}],"inLanguage":"en-US"},{"@type":"Organization","@id":"https:\/\/abcbacninh.vn\/en\/#organization","name":"ABC B\u1eaeC NINH","url":"https:\/\/abcbacninh.vn\/en\/","logo":{"@type":"ImageObject","inLanguage":"en-US","@id":"https:\/\/abcbacninh.vn\/en\/#\/schema\/logo\/image\/","url":"https:\/\/placehold.co\/64x64","contentUrl":"https:\/\/placehold.co\/64x64","width":512,"height":512,"caption":"ABC B\u1eaeC NINH"},"image":{"@id":"https:\/\/abcbacninh.vn\/en\/#\/schema\/logo\/image\/"}}]}},"_links":{"self":[{"href":"https:\/\/abcbacninh.vn\/en\/wp-json\/wp\/v2\/product\/1292","targetHints":{"allow":["GET"]}}],"collection":[{"href":"https:\/\/abcbacninh.vn\/en\/wp-json\/wp\/v2\/product"}],"about":[{"href":"https:\/\/abcbacninh.vn\/en\/wp-json\/wp\/v2\/types\/product"}],"replies":[{"embeddable":true,"href":"https:\/\/abcbacninh.vn\/en\/wp-json\/wp\/v2\/comments?post=1292"}],"wp:featuredmedia":[{"embeddable":true,"href":"https:\/\/abcbacninh.vn\/en\/wp-json\/wp\/v2\/media\/1357"}],"wp:attachment":[{"href":"https:\/\/abcbacninh.vn\/en\/wp-json\/wp\/v2\/media?parent=1292"}],"wp:term":[{"taxonomy":"product_brand","embeddable":true,"href":"https:\/\/abcbacninh.vn\/en\/wp-json\/wp\/v2\/product_brand?post=1292"},{"taxonomy":"product_cat","embeddable":true,"href":"https:\/\/abcbacninh.vn\/en\/wp-json\/wp\/v2\/product_cat?post=1292"},{"taxonomy":"product_tag","embeddable":true,"href":"https:\/\/abcbacninh.vn\/en\/wp-json\/wp\/v2\/product_tag?post=1292"}],"curies":[{"name":"wp","href":"https:\/\/api.w.org\/{rel}","templated":true}]}}